{"id":3587,"date":"2017-05-12T15:20:04","date_gmt":"2017-05-12T13:20:04","guid":{"rendered":"http:\/\/sviluppo.caminopoli.it\/?page_id=3587"},"modified":"2017-05-29T11:34:40","modified_gmt":"2017-05-29T09:34:40","slug":"funziona-un-camino","status":"publish","type":"page","link":"https:\/\/www.caminopoli.fr\/it\/funziona-un-camino","title":{"rendered":"Come funziona un Camino"},"content":{"rendered":"<p>Capire come funziona un camino significa principalmente capire come funziona una canna fumaria: per questo rimandiamo subito alla lettura della sezione sulle canne fumarie, come informazione propedeutica alla lettura degli argomenti seguenti..<\/p>\n<p><strong>LA CANNA FUMARIA<\/strong><br \/>\n<img decoding=\"async\" class=\"alignright wp-image-3588\" src=\"http:\/\/caminopoli.it\/wp-content\/uploads\/2017\/05\/cf1.gif\" alt=\"canna fumaria\" width=\"100\" height=\"213\" \/>Il punto che differenzia principalmente un camino aperto da una stufa \u00e8 che \u00e8, appunto, aperto. Le stufe hanno uno sportello che durante il funzionamento \u00e8 chiuso, e la valvola di alimentazione consente solo un minimo passaggio di aria, quella indispensabile alla combustione. Con la valvola dell&#8217;aria chiusa, possiamo considerare ai fini pratici la stufa quasi stagna, rispetto all&#8217;ambiente. Con a disposizione solo l&#8217;aria sufficiente alla combustione, la temperatura nella stufa, e quindi nella canna fumaria, \u00e8 molto alta, e stabilire un buon tiraggio \u00e8 pi\u00f9 semplice, mentre i ritorni di fumo sono quasi impossibili, se non in condizioni del tutto eccezionali.<br \/>\nUn caminetto, al contrario, ha una bocca molto pi\u00f9 grande di una stufa, e non ha una regolazione dell&#8217;aria di combustione (la valvola della canna fumaria ha un&#8217;altro scopo). Nella bocca di un camino entra molta pi\u00f9 aria di quella necessaria alla combustione, il che rende i fumi molto pi\u00f9 freddi, e stabilire un buon tiraggio pi\u00f9 difficile.<br \/>\n<img decoding=\"async\" class=\"alignleft wp-image-3591\" src=\"http:\/\/caminopoli.it\/wp-content\/uploads\/2017\/05\/cf2.jpg\" alt=\"comignolo\" width=\"106\" height=\"224\" \/>Mentre l&#8217;andatura di combustione di una stufa pu\u00f2 essere regolata agendo sulla valvola dell&#8217;aria, la regolazione dell&#8217;andatura di un caminetto \u00e8 difficile, ed affidata largamente al caso. La valvola posta sulla canna fumaria pu\u00f2 agire come limitatore solo se il tiraggio \u00e8 eccessivo, nel qual caso non avremmo comunque problemi di fumo. L&#8217;andatura della combustione pu\u00f2 essere in qualche modo regolata soltanto aggiungendo o sottraendo legna alla combustione, cosa macchinosa e non facile.<br \/>\nLa canna fumaria di un camino aperto, perci\u00f2, deve in genere accontentarsi di un tiraggio disponibile compreso tra i 10 ed i 20 Pascal, cio\u00e8 tra un e due decimillesimi della pressione esterna, poich\u00e9 raramente questo tipo di impianti riesce ad ottenere di pi\u00f9. Pertanto, tutte le raccomandazioni segnalate per una corretta costruzione vanno ancor di pi\u00f9 tenute in conto:<strong> la canna deve essere quanto pi\u00f9 possibile verticale, priva di curve e cambiamenti di sezione, deve essere liscia e possibilmente di sezione interna circolare, adeguatamente alta e comunque pi\u00f9 alta del colmo del tetto, protetta da un comignolo antivento<\/strong>, deve essere estremamente ben coibentata e di sezione adeguata. Tutto questo serve ad evitare cadute di pressione ed ostacoli ai fumi, insomma le cosiddette &#8216;perdite di carico&#8217;.<\/p>\n<p>Se la sezione sulle canne fumarie \u00e8 stata chiara, dovrebbe essere evidente che <strong>un caminetto aperto non \u00e8 un qualunque pezzo di arredamento<\/strong>, come un divano o un televisore, che si possa piazzare a piacere nella casa, dove l&#8217;estro dell&#8217;arredatore o la comodit\u00e0 del proprietario consigliano.<\/p>\n<p><img decoding=\"async\" class=\"alignright wp-image-3595\" src=\"http:\/\/caminopoli.it\/wp-content\/uploads\/2017\/05\/cf3.jpg\" alt=\"camino\" width=\"212\" height=\"142\" \/>Non si pu\u00f2 installare un camino aperto gettando il tubo dei fumi a caso fuori di casa, con la stessa disinvoltura con cui si allaccia la presa di corrente ad un impiant o hi-fi.<br \/>\nUn camino aperto \u00e8 sopratutto una canna fumaria, cio\u00e8 un elemento strutturale e non accessorio dell&#8217;impiantistica domestica, cui dovrebbe essere dedicata <strong>la stessa attenzione e considerazione progettuale dedicata agli altri impianti fondamentali della casa<\/strong>, come le scale interne di comunicazione o la rete dei termosifoni.<br \/>\nSe la canna fumaria non \u00e8 nata con il progetto originale della casa, ma viene aggiunta successivamente, a questa modifica va dedicata l&#8217;attenzione adeguata ad un intervento strutturale, pari a quella che viene dedicata ad una ristrutturazione della casa.<br \/>\nMolti invece ritengono che l&#8217;acquisto di un focolare prefabbricato risolva al 90% per cento il problema, e che il resto venga poi &#8216;da s\u00e9. Non \u00e8 cos\u00ec.<br \/>\nIn altri termini: occorre pensare il camino come un tutto unico, dal piano del focolare, anzi, dalla ceneriera, sino alla sommit\u00e0 del comignolo ed occorre, per di pi\u00f9, pensarlo integrato con l&#8217;ambiente che lo ospita. Solo cos\u00ec potremo farlo funzionare correttamente.<\/p>\n<p><img loading=\"lazy\" decoding=\"async\" class=\"alignleft wp-image-3596\" src=\"http:\/\/caminopoli.it\/wp-content\/uploads\/2017\/05\/cf4.gif\" alt=\"struttura di un camino moderno\" width=\"155\" height=\"198\" \/><strong>IL FOCOLARE<\/strong><br \/>\nNella letteratura sui camini si trovano molte &#8216;regole d&#8217;oro&#8217; per impostare la giusta forma della bocca del focolare, tale da impedire la fuoriuscita dei fumi.<br \/>\nIn realt\u00e0, il &#8216;motore&#8217; del camino \u00e8 la canna fumaria, e una volta che questa sia stata studiata per assicurare la depressione necessaria all&#8217;espulsione dei fumi, il compito del focolare \u00e8 semplicemente quello di ospitare il fuoco e di avere una forma interna tale da facilitare al massimo lo scorrimento dei fumi, abbastanza a prescindere dalla forma della bocca vera e propria.<br \/>\nPer capire quale sia la forma interna pi\u00f9 adatta ad un focolare, bisogna studiarne l&#8217;aerodinamica.<br \/>\nI problemi termodinamici ed aerodinamici che riguardano un focolare possono essere classificati in 3 categorie:<\/p>\n<ul>\n<li>Il flusso dell\u2019aria comburente verso, attraverso e oltre il letto di combustibile, e l\u2019ascesa dei gas caldi prodotti dalla combustione nel camino stesso. Il flusso di combustione dipende dal genere di grata che alloggia il combustibile, dal disegno del caminetto e dalla sistemazione del letto di combustibile. Il flusso dell\u2019aria di combustione governa il rateo di combustione, cio\u00e8 la rapidit\u00e0 con cui avviene la combustione, il che determina la temperatura dei fumi, che \u00e8 uno dei fattori che influenzano il tiraggio.<\/li>\n<li>Il flusso di immissione di aria ambiente fredda e la quantit\u00e0 di questa che si mischia con i gas di combustione nel focolare, producendo il flusso misto di aria e gas nella gola e nella canna fumaria, il buon andamento del quale dipende dal disegno, dalle dimensioni e dal metodo di costruzione. Le inversioni di tiraggio, che provocano l\u2019emissione di fumo da un caminetto, dipendono principalmente da questa parte del flusso.<\/li>\n<li>L&#8217;efficienza della combustione, con particolare riguardo alla quantit\u00e0 di residui incombusti, e quindi inquinanti, che sporcano le canne fumarie e deteriorano l&#8217;ambiente.<\/li>\n<\/ul>\n<p>&nbsp;<\/p>\n","protected":false},"excerpt":{"rendered":"<p>Capire come funziona un camino significa principalmente capire come funziona una canna fumaria: per questo rimandiamo subito alla lettura della sezione sulle canne fumarie, come informazione propedeutica alla lettura degli argomenti seguenti.. LA CANNA FUMARIA Il punto che differenzia principalmente un camino aperto da una stufa \u00e8 che \u00e8, appunto, aperto. Le stufe hanno uno [&hellip;]<\/p>\n","protected":false},"author":1,"featured_media":0,"parent":0,"menu_order":0,"comment_status":"closed","ping_status":"closed","template":"","meta":{"footnotes":""},"class_list":["post-3587","page","type-page","status-publish","hentry"],"yoast_head":"<!-- This site is optimized with the Yoast SEO plugin v27.3 - https:\/\/yoast.com\/product\/yoast-seo-wordpress\/ -->\n<title>Come funziona un Camino - Caminopoli: la citt\u00e0 degli accessori da camino<\/title>\n<meta name=\"robots\" content=\"index, follow, max-snippet:-1, max-image-preview:large, max-video-preview:-1\" \/>\n<link rel=\"canonical\" href=\"https:\/\/www.caminopoli.fr\/it\/funziona-un-camino\" \/>\n<meta property=\"og:locale\" content=\"it_IT\" \/>\n<meta property=\"og:type\" content=\"article\" \/>\n<meta property=\"og:title\" content=\"Come funziona un Camino - Caminopoli: la citt\u00e0 degli accessori da camino\" \/>\n<meta property=\"og:description\" content=\"Capire come funziona un camino significa principalmente capire come funziona una canna fumaria: per questo rimandiamo subito alla lettura della sezione sulle canne fumarie, come informazione propedeutica alla lettura degli argomenti seguenti.. LA CANNA FUMARIA Il punto che differenzia principalmente un camino aperto da una stufa \u00e8 che \u00e8, appunto, aperto. Le stufe hanno uno [&hellip;]\" \/>\n<meta property=\"og:url\" content=\"https:\/\/www.caminopoli.fr\/it\/funziona-un-camino\" \/>\n<meta property=\"og:site_name\" content=\"Caminopoli: la citt\u00e0 degli accessori da camino\" \/>\n<meta property=\"article:publisher\" content=\"https:\/\/www.facebook.com\/caminopoli.fuocoamico\/\" \/>\n<meta property=\"article:modified_time\" content=\"2017-05-29T09:34:40+00:00\" \/>\n<meta property=\"og:image\" content=\"http:\/\/caminopoli.it\/wp-content\/uploads\/2017\/05\/cf1.gif\" \/>\n<meta name=\"twitter:card\" content=\"summary_large_image\" \/>\n<meta name=\"twitter:label1\" content=\"Tempo di lettura stimato\" \/>\n\t<meta name=\"twitter:data1\" content=\"5 minuti\" \/>\n<script type=\"application\/ld+json\" class=\"yoast-schema-graph\">{\"@context\":\"https:\\\/\\\/schema.org\",\"@graph\":[{\"@type\":\"WebPage\",\"@id\":\"https:\\\/\\\/www.caminopoli.fr\\\/it\\\/funziona-un-camino\",\"url\":\"https:\\\/\\\/www.caminopoli.fr\\\/it\\\/funziona-un-camino\",\"name\":\"Come funziona un Camino - Caminopoli: la citt\u00e0 degli accessori da camino\",\"isPartOf\":{\"@id\":\"https:\\\/\\\/www.caminopoli.fr\\\/it#website\"},\"primaryImageOfPage\":{\"@id\":\"https:\\\/\\\/www.caminopoli.fr\\\/it\\\/funziona-un-camino#primaryimage\"},\"image\":{\"@id\":\"https:\\\/\\\/www.caminopoli.fr\\\/it\\\/funziona-un-camino#primaryimage\"},\"thumbnailUrl\":\"http:\\\/\\\/caminopoli.it\\\/wp-content\\\/uploads\\\/2017\\\/05\\\/cf1.gif\",\"datePublished\":\"2017-05-12T13:20:04+00:00\",\"dateModified\":\"2017-05-29T09:34:40+00:00\",\"breadcrumb\":{\"@id\":\"https:\\\/\\\/www.caminopoli.fr\\\/it\\\/funziona-un-camino#breadcrumb\"},\"inLanguage\":\"it-IT\",\"potentialAction\":[{\"@type\":\"ReadAction\",\"target\":[\"https:\\\/\\\/www.caminopoli.fr\\\/it\\\/funziona-un-camino\"]}]},{\"@type\":\"ImageObject\",\"inLanguage\":\"it-IT\",\"@id\":\"https:\\\/\\\/www.caminopoli.fr\\\/it\\\/funziona-un-camino#primaryimage\",\"url\":\"http:\\\/\\\/caminopoli.it\\\/wp-content\\\/uploads\\\/2017\\\/05\\\/cf1.gif\",\"contentUrl\":\"http:\\\/\\\/caminopoli.it\\\/wp-content\\\/uploads\\\/2017\\\/05\\\/cf1.gif\"},{\"@type\":\"BreadcrumbList\",\"@id\":\"https:\\\/\\\/www.caminopoli.fr\\\/it\\\/funziona-un-camino#breadcrumb\",\"itemListElement\":[{\"@type\":\"ListItem\",\"position\":1,\"name\":\"Home\",\"item\":\"https:\\\/\\\/www.caminopoli.fr\\\/it\"},{\"@type\":\"ListItem\",\"position\":2,\"name\":\"Come funziona un Camino\"}]},{\"@type\":\"WebSite\",\"@id\":\"https:\\\/\\\/www.caminopoli.fr\\\/it#website\",\"url\":\"https:\\\/\\\/www.caminopoli.fr\\\/it\",\"name\":\"Caminopoli: la citt\u00e0 degli accessori da camino\",\"description\":\"Vendita online accessori da camino\",\"publisher\":{\"@id\":\"https:\\\/\\\/www.caminopoli.fr\\\/it#organization\"},\"potentialAction\":[{\"@type\":\"SearchAction\",\"target\":{\"@type\":\"EntryPoint\",\"urlTemplate\":\"https:\\\/\\\/www.caminopoli.fr\\\/it?s={search_term_string}\"},\"query-input\":{\"@type\":\"PropertyValueSpecification\",\"valueRequired\":true,\"valueName\":\"search_term_string\"}}],\"inLanguage\":\"it-IT\"},{\"@type\":\"Organization\",\"@id\":\"https:\\\/\\\/www.caminopoli.fr\\\/it#organization\",\"name\":\"Caminopoli\",\"url\":\"https:\\\/\\\/www.caminopoli.fr\\\/it\",\"logo\":{\"@type\":\"ImageObject\",\"inLanguage\":\"it-IT\",\"@id\":\"https:\\\/\\\/www.caminopoli.fr\\\/it#\\\/schema\\\/logo\\\/image\\\/\",\"url\":\"http:\\\/\\\/caminopoli.it\\\/wp-content\\\/uploads\\\/2017\\\/05\\\/Caminopoli-store_2.png\",\"contentUrl\":\"http:\\\/\\\/caminopoli.it\\\/wp-content\\\/uploads\\\/2017\\\/05\\\/Caminopoli-store_2.png\",\"width\":267,\"height\":71,\"caption\":\"Caminopoli\"},\"image\":{\"@id\":\"https:\\\/\\\/www.caminopoli.fr\\\/it#\\\/schema\\\/logo\\\/image\\\/\"},\"sameAs\":[\"https:\\\/\\\/www.facebook.com\\\/caminopoli.fuocoamico\\\/\"]}]}<\/script>\n<!-- \/ Yoast SEO plugin. -->","yoast_head_json":{"title":"Come funziona un Camino - Caminopoli: la citt\u00e0 degli accessori da camino","robots":{"index":"index","follow":"follow","max-snippet":"max-snippet:-1","max-image-preview":"max-image-preview:large","max-video-preview":"max-video-preview:-1"},"canonical":"https:\/\/www.caminopoli.fr\/it\/funziona-un-camino","og_locale":"it_IT","og_type":"article","og_title":"Come funziona un Camino - Caminopoli: la citt\u00e0 degli accessori da camino","og_description":"Capire come funziona un camino significa principalmente capire come funziona una canna fumaria: per questo rimandiamo subito alla lettura della sezione sulle canne fumarie, come informazione propedeutica alla lettura degli argomenti seguenti.. LA CANNA FUMARIA Il punto che differenzia principalmente un camino aperto da una stufa \u00e8 che \u00e8, appunto, aperto. Le stufe hanno uno [&hellip;]","og_url":"https:\/\/www.caminopoli.fr\/it\/funziona-un-camino","og_site_name":"Caminopoli: la citt\u00e0 degli accessori da camino","article_publisher":"https:\/\/www.facebook.com\/caminopoli.fuocoamico\/","article_modified_time":"2017-05-29T09:34:40+00:00","og_image":[{"url":"http:\/\/caminopoli.it\/wp-content\/uploads\/2017\/05\/cf1.gif","type":"","width":"","height":""}],"twitter_card":"summary_large_image","twitter_misc":{"Tempo di lettura stimato":"5 minuti"},"schema":{"@context":"https:\/\/schema.org","@graph":[{"@type":"WebPage","@id":"https:\/\/www.caminopoli.fr\/it\/funziona-un-camino","url":"https:\/\/www.caminopoli.fr\/it\/funziona-un-camino","name":"Come funziona un Camino - Caminopoli: la citt\u00e0 degli accessori da camino","isPartOf":{"@id":"https:\/\/www.caminopoli.fr\/it#website"},"primaryImageOfPage":{"@id":"https:\/\/www.caminopoli.fr\/it\/funziona-un-camino#primaryimage"},"image":{"@id":"https:\/\/www.caminopoli.fr\/it\/funziona-un-camino#primaryimage"},"thumbnailUrl":"http:\/\/caminopoli.it\/wp-content\/uploads\/2017\/05\/cf1.gif","datePublished":"2017-05-12T13:20:04+00:00","dateModified":"2017-05-29T09:34:40+00:00","breadcrumb":{"@id":"https:\/\/www.caminopoli.fr\/it\/funziona-un-camino#breadcrumb"},"inLanguage":"it-IT","potentialAction":[{"@type":"ReadAction","target":["https:\/\/www.caminopoli.fr\/it\/funziona-un-camino"]}]},{"@type":"ImageObject","inLanguage":"it-IT","@id":"https:\/\/www.caminopoli.fr\/it\/funziona-un-camino#primaryimage","url":"http:\/\/caminopoli.it\/wp-content\/uploads\/2017\/05\/cf1.gif","contentUrl":"http:\/\/caminopoli.it\/wp-content\/uploads\/2017\/05\/cf1.gif"},{"@type":"BreadcrumbList","@id":"https:\/\/www.caminopoli.fr\/it\/funziona-un-camino#breadcrumb","itemListElement":[{"@type":"ListItem","position":1,"name":"Home","item":"https:\/\/www.caminopoli.fr\/it"},{"@type":"ListItem","position":2,"name":"Come funziona un Camino"}]},{"@type":"WebSite","@id":"https:\/\/www.caminopoli.fr\/it#website","url":"https:\/\/www.caminopoli.fr\/it","name":"Caminopoli: la citt\u00e0 degli accessori da camino","description":"Vendita online accessori da camino","publisher":{"@id":"https:\/\/www.caminopoli.fr\/it#organization"},"potentialAction":[{"@type":"SearchAction","target":{"@type":"EntryPoint","urlTemplate":"https:\/\/www.caminopoli.fr\/it?s={search_term_string}"},"query-input":{"@type":"PropertyValueSpecification","valueRequired":true,"valueName":"search_term_string"}}],"inLanguage":"it-IT"},{"@type":"Organization","@id":"https:\/\/www.caminopoli.fr\/it#organization","name":"Caminopoli","url":"https:\/\/www.caminopoli.fr\/it","logo":{"@type":"ImageObject","inLanguage":"it-IT","@id":"https:\/\/www.caminopoli.fr\/it#\/schema\/logo\/image\/","url":"http:\/\/caminopoli.it\/wp-content\/uploads\/2017\/05\/Caminopoli-store_2.png","contentUrl":"http:\/\/caminopoli.it\/wp-content\/uploads\/2017\/05\/Caminopoli-store_2.png","width":267,"height":71,"caption":"Caminopoli"},"image":{"@id":"https:\/\/www.caminopoli.fr\/it#\/schema\/logo\/image\/"},"sameAs":["https:\/\/www.facebook.com\/caminopoli.fuocoamico\/"]}]}},"_links":{"self":[{"href":"https:\/\/www.caminopoli.fr\/it\/wp-json\/wp\/v2\/pages\/3587","targetHints":{"allow":["GET"]}}],"collection":[{"href":"https:\/\/www.caminopoli.fr\/it\/wp-json\/wp\/v2\/pages"}],"about":[{"href":"https:\/\/www.caminopoli.fr\/it\/wp-json\/wp\/v2\/types\/page"}],"author":[{"embeddable":true,"href":"https:\/\/www.caminopoli.fr\/it\/wp-json\/wp\/v2\/users\/1"}],"replies":[{"embeddable":true,"href":"https:\/\/www.caminopoli.fr\/it\/wp-json\/wp\/v2\/comments?post=3587"}],"version-history":[{"count":9,"href":"https:\/\/www.caminopoli.fr\/it\/wp-json\/wp\/v2\/pages\/3587\/revisions"}],"predecessor-version":[{"id":3650,"href":"https:\/\/www.caminopoli.fr\/it\/wp-json\/wp\/v2\/pages\/3587\/revisions\/3650"}],"wp:attachment":[{"href":"https:\/\/www.caminopoli.fr\/it\/wp-json\/wp\/v2\/media?parent=3587"}],"curies":[{"name":"wp","href":"https:\/\/api.w.org\/{rel}","templated":true}]}}