{"id":17270,"date":"2025-04-27T20:32:23","date_gmt":"2025-04-27T18:32:23","guid":{"rendered":"https:\/\/www.caminopoli.fr\/?post_type=product&#038;p=17270"},"modified":"2025-09-24T12:14:10","modified_gmt":"2025-09-24T10:14:10","slug":"cassetto-cenere-g300-7-clam-25x34-originale-2","status":"publish","type":"product","link":"https:\/\/www.caminopoli.fr\/it\/accessori\/cassetto-cenere-g300-7-clam-25x34-originale-2","title":{"rendered":"Cassetto Cenere G300-7-CLAM 25X34 ORIGINALE"},"content":{"rendered":"<p>CASSETTO per la cenere nel camino <strong>CLAM<\/strong> ed \u00e8 un Ricambio\u00a0<strong>ORIGINALE<\/strong><\/p>\n<p>Misura: 24 X 34 X 9<\/p>\n<p>Riconoscibile dalle quattro asole, quattro maniglie poste sui 4 lati del cassetto che serviranno anche per garantire la corretta areazione.<\/p>\n<p>Monta su tutti i modelli\u00a0<strong>TERMOFAVILLA<\/strong>:<\/p>\n<p>T\/85PRO<\/p>\n<p>T\/85PRO R DX<\/p>\n<p>T\/85PRO R SX<\/p>\n<p>T\/85PRO RS DX<\/p>\n<p>T\/85PRO RS SX<\/p>\n<p>T\/85 D.<\/p>\n<p>T\/85 D. ANG. DX<\/p>\n<p>T\/85 D. ANG. SX<\/p>\n<p>&#8212;&#8212;&#8212;&#8212;-<\/p>\n<p>05020038<\/p>\n<p>DE729+817AA25<\/p>\n<p>&nbsp;<\/p>\n","protected":false},"excerpt":{"rendered":"<p>&nbsp;<\/p>\n<p><strong>CASSETTO<\/strong> per la raccolta della cenere, ricambio <strong>Originale CLAM<\/strong><\/p>\n<p>Misura: 24 X 34 X 9<\/p>\n<p>Corrispondente alla Griglia <strong>25<\/strong> X <strong>34<\/strong> (acquistabile a parte).<\/p>\n<p>&nbsp;<\/p>\n","protected":false},"featured_media":17268,"comment_status":"open","ping_status":"closed","template":"","meta":[],"product_brand":[],"product_cat":[102],"product_tag":[],"class_list":{"0":"post-17270","1":"product","2":"type-product","3":"status-publish","4":"has-post-thumbnail","6":"product_cat-griglie-in-ghisa-clam","7":"pa_peso-56-kg","9":"first","10":"instock","11":"taxable","12":"shipping-taxable","13":"purchasable","14":"product-type-simple"},"yoast_head":"<!-- This site is optimized with the Yoast SEO plugin v27.3 - https:\/\/yoast.com\/product\/yoast-seo-wordpress\/ -->\n<title>Griglia G300-9-CLAM - Caminopoli: la citt\u00e0 degli accessori da camino<\/title>\n<meta name=\"description\" content=\"Griglia G300-9-CLAM - Caminopoli: la citt\u00e0 degli accessori da camino. Vendita on-line con possibilit\u00e0 di ricevere tutto comodamente a casa\" \/>\n<meta name=\"robots\" content=\"index, follow, max-snippet:-1, max-image-preview:large, max-video-preview:-1\" \/>\n<link rel=\"canonical\" href=\"https:\/\/www.caminopoli.fr\/it\/accessori\/cassetto-cenere-g300-7-clam-25x34-originale-2\" \/>\n<meta property=\"og:locale\" content=\"it_IT\" \/>\n<meta property=\"og:type\" content=\"article\" \/>\n<meta property=\"og:title\" content=\"Griglia G300-9-CLAM - Caminopoli: la citt\u00e0 degli accessori da camino\" \/>\n<meta property=\"og:description\" content=\"Griglia G300-9-CLAM - Caminopoli: la citt\u00e0 degli accessori da camino. Vendita on-line con possibilit\u00e0 di ricevere tutto comodamente a casa\" \/>\n<meta property=\"og:url\" content=\"https:\/\/www.caminopoli.fr\/it\/accessori\/cassetto-cenere-g300-7-clam-25x34-originale-2\" \/>\n<meta property=\"og:site_name\" content=\"Caminopoli: la citt\u00e0 degli accessori da camino\" \/>\n<meta property=\"article:publisher\" content=\"https:\/\/www.facebook.com\/caminopoli.fuocoamico\/\" \/>\n<meta property=\"article:modified_time\" content=\"2025-09-24T10:14:10+00:00\" \/>\n<meta property=\"og:image\" content=\"https:\/\/www.caminopoli.fr\/wp-content\/uploads\/2025\/04\/CASSETTO-CLAM-25X34-B.jpg\" \/>\n\t<meta property=\"og:image:width\" content=\"800\" \/>\n\t<meta property=\"og:image:height\" content=\"802\" \/>\n\t<meta property=\"og:image:type\" content=\"image\/jpeg\" \/>\n<meta name=\"twitter:card\" content=\"summary_large_image\" \/>\n<meta name=\"twitter:label1\" content=\"Tempo di lettura stimato\" \/>\n\t<meta name=\"twitter:data1\" content=\"1 minuto\" \/>\n<script type=\"application\/ld+json\" class=\"yoast-schema-graph\">{\"@context\":\"https:\\\/\\\/schema.org\",\"@graph\":[{\"@type\":\"WebPage\",\"@id\":\"https:\\\/\\\/www.caminopoli.fr\\\/it\\\/accessori\\\/cassetto-cenere-g300-7-clam-25x34-originale-2\",\"url\":\"https:\\\/\\\/www.caminopoli.fr\\\/it\\\/accessori\\\/cassetto-cenere-g300-7-clam-25x34-originale-2\",\"name\":\"Griglia G300-9-CLAM - Caminopoli: la citt\u00e0 degli accessori da camino\",\"isPartOf\":{\"@id\":\"https:\\\/\\\/www.caminopoli.fr\\\/it#website\"},\"primaryImageOfPage\":{\"@id\":\"https:\\\/\\\/www.caminopoli.fr\\\/it\\\/accessori\\\/cassetto-cenere-g300-7-clam-25x34-originale-2#primaryimage\"},\"image\":{\"@id\":\"https:\\\/\\\/www.caminopoli.fr\\\/it\\\/accessori\\\/cassetto-cenere-g300-7-clam-25x34-originale-2#primaryimage\"},\"thumbnailUrl\":\"https:\\\/\\\/www.caminopoli.fr\\\/wp-content\\\/uploads\\\/2025\\\/04\\\/CASSETTO-CLAM-25X34-B.jpg\",\"datePublished\":\"2025-04-27T18:32:23+00:00\",\"dateModified\":\"2025-09-24T10:14:10+00:00\",\"description\":\"Griglia G300-9-CLAM - Caminopoli: la citt\u00e0 degli accessori da camino. Vendita on-line con possibilit\u00e0 di ricevere tutto comodamente a casa\",\"breadcrumb\":{\"@id\":\"https:\\\/\\\/www.caminopoli.fr\\\/it\\\/accessori\\\/cassetto-cenere-g300-7-clam-25x34-originale-2#breadcrumb\"},\"inLanguage\":\"it-IT\",\"potentialAction\":[{\"@type\":\"ReadAction\",\"target\":[\"https:\\\/\\\/www.caminopoli.fr\\\/it\\\/accessori\\\/cassetto-cenere-g300-7-clam-25x34-originale-2\"]}]},{\"@type\":\"ImageObject\",\"inLanguage\":\"it-IT\",\"@id\":\"https:\\\/\\\/www.caminopoli.fr\\\/it\\\/accessori\\\/cassetto-cenere-g300-7-clam-25x34-originale-2#primaryimage\",\"url\":\"https:\\\/\\\/www.caminopoli.fr\\\/wp-content\\\/uploads\\\/2025\\\/04\\\/CASSETTO-CLAM-25X34-B.jpg\",\"contentUrl\":\"https:\\\/\\\/www.caminopoli.fr\\\/wp-content\\\/uploads\\\/2025\\\/04\\\/CASSETTO-CLAM-25X34-B.jpg\",\"width\":800,\"height\":802},{\"@type\":\"BreadcrumbList\",\"@id\":\"https:\\\/\\\/www.caminopoli.fr\\\/it\\\/accessori\\\/cassetto-cenere-g300-7-clam-25x34-originale-2#breadcrumb\",\"itemListElement\":[{\"@type\":\"ListItem\",\"position\":1,\"name\":\"Home\",\"item\":\"https:\\\/\\\/www.caminopoli.fr\\\/it\"},{\"@type\":\"ListItem\",\"position\":2,\"name\":\"Attrezzi da Camino\",\"item\":\"https:\\\/\\\/www.caminopoli.fr\\\/attrezzi-da-camino\"},{\"@type\":\"ListItem\",\"position\":3,\"name\":\"Cassetto Cenere G300-7-CLAM 25X34 ORIGINALE\"}]},{\"@type\":\"WebSite\",\"@id\":\"https:\\\/\\\/www.caminopoli.fr\\\/it#website\",\"url\":\"https:\\\/\\\/www.caminopoli.fr\\\/it\",\"name\":\"Caminopoli: la citt\u00e0 degli accessori da camino\",\"description\":\"Vendita online accessori da camino\",\"publisher\":{\"@id\":\"https:\\\/\\\/www.caminopoli.fr\\\/it#organization\"},\"potentialAction\":[{\"@type\":\"SearchAction\",\"target\":{\"@type\":\"EntryPoint\",\"urlTemplate\":\"https:\\\/\\\/www.caminopoli.fr\\\/it?s={search_term_string}\"},\"query-input\":{\"@type\":\"PropertyValueSpecification\",\"valueRequired\":true,\"valueName\":\"search_term_string\"}}],\"inLanguage\":\"it-IT\"},{\"@type\":\"Organization\",\"@id\":\"https:\\\/\\\/www.caminopoli.fr\\\/it#organization\",\"name\":\"Caminopoli\",\"url\":\"https:\\\/\\\/www.caminopoli.fr\\\/it\",\"logo\":{\"@type\":\"ImageObject\",\"inLanguage\":\"it-IT\",\"@id\":\"https:\\\/\\\/www.caminopoli.fr\\\/it#\\\/schema\\\/logo\\\/image\\\/\",\"url\":\"http:\\\/\\\/caminopoli.it\\\/wp-content\\\/uploads\\\/2017\\\/05\\\/Caminopoli-store_2.png\",\"contentUrl\":\"http:\\\/\\\/caminopoli.it\\\/wp-content\\\/uploads\\\/2017\\\/05\\\/Caminopoli-store_2.png\",\"width\":267,\"height\":71,\"caption\":\"Caminopoli\"},\"image\":{\"@id\":\"https:\\\/\\\/www.caminopoli.fr\\\/it#\\\/schema\\\/logo\\\/image\\\/\"},\"sameAs\":[\"https:\\\/\\\/www.facebook.com\\\/caminopoli.fuocoamico\\\/\"]}]}<\/script>\n<!-- \/ Yoast SEO plugin. -->","yoast_head_json":{"title":"Griglia G300-9-CLAM - Caminopoli: la citt\u00e0 degli accessori da camino","description":"Griglia G300-9-CLAM - Caminopoli: la citt\u00e0 degli accessori da camino. Vendita on-line con possibilit\u00e0 di ricevere tutto comodamente a casa","robots":{"index":"index","follow":"follow","max-snippet":"max-snippet:-1","max-image-preview":"max-image-preview:large","max-video-preview":"max-video-preview:-1"},"canonical":"https:\/\/www.caminopoli.fr\/it\/accessori\/cassetto-cenere-g300-7-clam-25x34-originale-2","og_locale":"it_IT","og_type":"article","og_title":"Griglia G300-9-CLAM - Caminopoli: la citt\u00e0 degli accessori da camino","og_description":"Griglia G300-9-CLAM - Caminopoli: la citt\u00e0 degli accessori da camino. Vendita on-line con possibilit\u00e0 di ricevere tutto comodamente a casa","og_url":"https:\/\/www.caminopoli.fr\/it\/accessori\/cassetto-cenere-g300-7-clam-25x34-originale-2","og_site_name":"Caminopoli: la citt\u00e0 degli accessori da camino","article_publisher":"https:\/\/www.facebook.com\/caminopoli.fuocoamico\/","article_modified_time":"2025-09-24T10:14:10+00:00","og_image":[{"width":800,"height":802,"url":"https:\/\/www.caminopoli.fr\/wp-content\/uploads\/2025\/04\/CASSETTO-CLAM-25X34-B.jpg","type":"image\/jpeg"}],"twitter_card":"summary_large_image","twitter_misc":{"Tempo di lettura stimato":"1 minuto"},"schema":{"@context":"https:\/\/schema.org","@graph":[{"@type":"WebPage","@id":"https:\/\/www.caminopoli.fr\/it\/accessori\/cassetto-cenere-g300-7-clam-25x34-originale-2","url":"https:\/\/www.caminopoli.fr\/it\/accessori\/cassetto-cenere-g300-7-clam-25x34-originale-2","name":"Griglia G300-9-CLAM - Caminopoli: la citt\u00e0 degli accessori da camino","isPartOf":{"@id":"https:\/\/www.caminopoli.fr\/it#website"},"primaryImageOfPage":{"@id":"https:\/\/www.caminopoli.fr\/it\/accessori\/cassetto-cenere-g300-7-clam-25x34-originale-2#primaryimage"},"image":{"@id":"https:\/\/www.caminopoli.fr\/it\/accessori\/cassetto-cenere-g300-7-clam-25x34-originale-2#primaryimage"},"thumbnailUrl":"https:\/\/www.caminopoli.fr\/wp-content\/uploads\/2025\/04\/CASSETTO-CLAM-25X34-B.jpg","datePublished":"2025-04-27T18:32:23+00:00","dateModified":"2025-09-24T10:14:10+00:00","description":"Griglia G300-9-CLAM - Caminopoli: la citt\u00e0 degli accessori da camino. Vendita on-line con possibilit\u00e0 di ricevere tutto comodamente a casa","breadcrumb":{"@id":"https:\/\/www.caminopoli.fr\/it\/accessori\/cassetto-cenere-g300-7-clam-25x34-originale-2#breadcrumb"},"inLanguage":"it-IT","potentialAction":[{"@type":"ReadAction","target":["https:\/\/www.caminopoli.fr\/it\/accessori\/cassetto-cenere-g300-7-clam-25x34-originale-2"]}]},{"@type":"ImageObject","inLanguage":"it-IT","@id":"https:\/\/www.caminopoli.fr\/it\/accessori\/cassetto-cenere-g300-7-clam-25x34-originale-2#primaryimage","url":"https:\/\/www.caminopoli.fr\/wp-content\/uploads\/2025\/04\/CASSETTO-CLAM-25X34-B.jpg","contentUrl":"https:\/\/www.caminopoli.fr\/wp-content\/uploads\/2025\/04\/CASSETTO-CLAM-25X34-B.jpg","width":800,"height":802},{"@type":"BreadcrumbList","@id":"https:\/\/www.caminopoli.fr\/it\/accessori\/cassetto-cenere-g300-7-clam-25x34-originale-2#breadcrumb","itemListElement":[{"@type":"ListItem","position":1,"name":"Home","item":"https:\/\/www.caminopoli.fr\/it"},{"@type":"ListItem","position":2,"name":"Attrezzi da Camino","item":"https:\/\/www.caminopoli.fr\/attrezzi-da-camino"},{"@type":"ListItem","position":3,"name":"Cassetto Cenere G300-7-CLAM 25X34 ORIGINALE"}]},{"@type":"WebSite","@id":"https:\/\/www.caminopoli.fr\/it#website","url":"https:\/\/www.caminopoli.fr\/it","name":"Caminopoli: la citt\u00e0 degli accessori da camino","description":"Vendita online accessori da camino","publisher":{"@id":"https:\/\/www.caminopoli.fr\/it#organization"},"potentialAction":[{"@type":"SearchAction","target":{"@type":"EntryPoint","urlTemplate":"https:\/\/www.caminopoli.fr\/it?s={search_term_string}"},"query-input":{"@type":"PropertyValueSpecification","valueRequired":true,"valueName":"search_term_string"}}],"inLanguage":"it-IT"},{"@type":"Organization","@id":"https:\/\/www.caminopoli.fr\/it#organization","name":"Caminopoli","url":"https:\/\/www.caminopoli.fr\/it","logo":{"@type":"ImageObject","inLanguage":"it-IT","@id":"https:\/\/www.caminopoli.fr\/it#\/schema\/logo\/image\/","url":"http:\/\/caminopoli.it\/wp-content\/uploads\/2017\/05\/Caminopoli-store_2.png","contentUrl":"http:\/\/caminopoli.it\/wp-content\/uploads\/2017\/05\/Caminopoli-store_2.png","width":267,"height":71,"caption":"Caminopoli"},"image":{"@id":"https:\/\/www.caminopoli.fr\/it#\/schema\/logo\/image\/"},"sameAs":["https:\/\/www.facebook.com\/caminopoli.fuocoamico\/"]}]}},"_links":{"self":[{"href":"https:\/\/www.caminopoli.fr\/it\/wp-json\/wp\/v2\/product\/17270","targetHints":{"allow":["GET"]}}],"collection":[{"href":"https:\/\/www.caminopoli.fr\/it\/wp-json\/wp\/v2\/product"}],"about":[{"href":"https:\/\/www.caminopoli.fr\/it\/wp-json\/wp\/v2\/types\/product"}],"replies":[{"embeddable":true,"href":"https:\/\/www.caminopoli.fr\/it\/wp-json\/wp\/v2\/comments?post=17270"}],"wp:featuredmedia":[{"embeddable":true,"href":"https:\/\/www.caminopoli.fr\/it\/wp-json\/wp\/v2\/media\/17268"}],"wp:attachment":[{"href":"https:\/\/www.caminopoli.fr\/it\/wp-json\/wp\/v2\/media?parent=17270"}],"wp:term":[{"taxonomy":"product_brand","embeddable":true,"href":"https:\/\/www.caminopoli.fr\/it\/wp-json\/wp\/v2\/product_brand?post=17270"},{"taxonomy":"product_cat","embeddable":true,"href":"https:\/\/www.caminopoli.fr\/it\/wp-json\/wp\/v2\/product_cat?post=17270"},{"taxonomy":"product_tag","embeddable":true,"href":"https:\/\/www.caminopoli.fr\/it\/wp-json\/wp\/v2\/product_tag?post=17270"}],"curies":[{"name":"wp","href":"https:\/\/api.w.org\/{rel}","templated":true}]}}