{"id":17567,"date":"2025-05-16T22:28:09","date_gmt":"2025-05-16T20:28:09","guid":{"rendered":"https:\/\/www.caminopoli.fr\/?post_type=product&#038;p=17567"},"modified":"2025-09-24T12:14:07","modified_gmt":"2025-09-24T10:14:07","slug":"piastra-in-ghisa-g416-meta-liscia-meta-rigata-bbq","status":"publish","type":"product","link":"https:\/\/www.caminopoli.fr\/it\/accessori\/piastra-in-ghisa-g416-meta-liscia-meta-rigata-bbq","title":{"rendered":"Piastra in Ghisa G416 met\u00e0 Liscia met\u00e0 Rigata BBQ"},"content":{"rendered":"<p>Piastra in Ghisa G416 met\u00e0 Liscia met\u00e0 Rigata BBQ<\/p>\n<p><span style=\"font-family: 'Arial','sans-serif';\">Piastra Bi-facciale smaltata con idoneit\u00e0 all&#8217;uso alimentare.<\/span><\/p>\n<p style=\"background: white; vertical-align: baseline; margin: 0cm 0cm 15.0pt 0cm;\"><span style=\"font-family: 'Arial','sans-serif'; color: #4a4a4a;\">Piastra da cottura in ghisa, sottoposta a trattamento di smaltatura certificata per l\u2019uso alimentare.<\/span><\/p>\n<p style=\"background: white; vertical-align: baseline; box-sizing: border-box; outline: 0px; font-variant-ligatures: normal; font-variant-caps: normal; font-variant-numeric: inherit; font-variant-east-asian: inherit; font-stretch: inherit; line-height: inherit; orphans: 2; text-align: start; widows: 2; -webkit-text-stroke-width: 0px; text-decoration-thickness: initial; text-decoration-style: initial; text-decoration-color: initial; word-spacing: 0px; margin: 0cm 0cm 15.0pt 0cm;\"><span style=\"font-family: 'Arial','sans-serif'; color: #4a4a4a;\">La sua particolare geometria permette di utilizzarla su entrambi i lati.<\/span><\/p>\n<p style=\"background: white; vertical-align: baseline; box-sizing: border-box; outline: 0px; font-variant-ligatures: normal; font-variant-caps: normal; font-variant-numeric: inherit; font-variant-east-asian: inherit; font-stretch: inherit; line-height: inherit; orphans: 2; text-align: start; widows: 2; -webkit-text-stroke-width: 0px; text-decoration-thickness: initial; text-decoration-style: initial; text-decoration-color: initial; word-spacing: 0px; margin: 0cm 0cm 15.0pt 0cm;\"><span style=\"font-family: 'Arial','sans-serif'; color: #4a4a4a;\">E\u2019 quindi possibile scegliere il lato liscio per una cottura pi\u00f9 rapida, un riscaldamento maggiore in<br style=\"box-sizing: border-box;\" \/>minor tempo e un processo di pulizia facilitato, oppure il lato rigato per grigliare carne, pesce e verdure.<\/span><\/p>\n<p style=\"background: white; vertical-align: baseline; box-sizing: border-box; outline: 0px; font-variant-ligatures: normal; font-variant-caps: normal; font-variant-numeric: inherit; font-variant-east-asian: inherit; font-stretch: inherit; line-height: inherit; orphans: 2; text-align: start; widows: 2; -webkit-text-stroke-width: 0px; text-decoration-thickness: initial; text-decoration-style: initial; text-decoration-color: initial; word-spacing: 0px; margin: 0cm 0cm 15.0pt 0cm;\"><span style=\"font-family: 'Arial','sans-serif'; color: #4a4a4a;\">Ideale per una cucina senza grassi.<\/span><\/p>\n<p><strong>Misura:<\/strong>\u00a0<strong>43<\/strong> X <strong>32<\/strong><\/p>\n<p>Altezza Totale del Bordo: <strong>15<\/strong> mm<\/p>\n<p>Peso: <strong>5,7<\/strong> Kg.<\/p>\n<p>AM740+990AA24<\/p>\n","protected":false},"excerpt":{"rendered":"<p>&nbsp;<\/p>\n<p>Piastra in Ghisa G416 met\u00e0 Liscia met\u00e0 Rigata BBQ<\/p>\n<p style=\"background: white; vertical-align: baseline; margin: 0cm 0cm 15.0pt 0cm;\"><span style=\"font-family: 'Arial','sans-serif'; color: #4a4a4a;\">Piastra da cottura in ghisa, sottoposta a trattamento di smaltatura certificata per l\u2019uso alimentare.<\/span><\/p>\n<p style=\"background: white; vertical-align: baseline; box-sizing: border-box; outline: 0px; font-variant-ligatures: normal; font-variant-caps: normal; font-variant-numeric: inherit; font-variant-east-asian: inherit; font-stretch: inherit; line-height: inherit; orphans: 2; text-align: start; widows: 2; -webkit-text-stroke-width: 0px; text-decoration-thickness: initial; text-decoration-style: initial; text-decoration-color: initial; word-spacing: 0px; margin: 0cm 0cm 15.0pt 0cm;\"><span style=\"font-family: 'Arial','sans-serif'; color: #4a4a4a;\">La sua particolare geometria permette di utilizzarla anche da un solo lato ed avere il doppio risultato perch\u00e8 per met\u00e0 Liscia e per met\u00e0 rigata.<\/span><\/p>\n<p style=\"background: white; vertical-align: baseline; box-sizing: border-box; outline: 0px; font-variant-ligatures: normal; font-variant-caps: normal; font-variant-numeric: inherit; font-variant-east-asian: inherit; font-stretch: inherit; line-height: inherit; orphans: 2; text-align: start; widows: 2; -webkit-text-stroke-width: 0px; text-decoration-thickness: initial; text-decoration-style: initial; text-decoration-color: initial; word-spacing: 0px; margin: 0cm 0cm 15.0pt 0cm;\"><span style=\"font-family: 'Arial','sans-serif'; color: #4a4a4a;\">E\u2019 possibile scegliere il lato liscio per una cottura pi\u00f9 rapida, un riscaldamento maggiore in<br style=\"box-sizing: border-box;\" \/>minor tempo e un processo di pulizia facilitato, oppure il lato rigato per grigliare carne, pesce e verdure.<\/span><\/p>\n<p style=\"background: white; vertical-align: baseline; box-sizing: border-box; outline: 0px; font-variant-ligatures: normal; font-variant-caps: normal; font-variant-numeric: inherit; font-variant-east-asian: inherit; font-stretch: inherit; line-height: inherit; orphans: 2; text-align: start; widows: 2; -webkit-text-stroke-width: 0px; text-decoration-thickness: initial; text-decoration-style: initial; text-decoration-color: initial; word-spacing: 0px; margin: 0cm 0cm 15.0pt 0cm;\"><span style=\"font-family: 'Arial','sans-serif'; color: #4a4a4a;\">Ideale per una cucina senza grassi.<\/span><\/p>\n<p><strong>Misura:<\/strong>\u00a0<strong>43<\/strong> X <strong>32<\/strong><\/p>\n<p>Altezza Totale del Bordo: <strong>15<\/strong> mm<\/p>\n<p>Peso: <strong>5,7<\/strong> Kg.<\/p>\n<p>&nbsp;<\/p>\n","protected":false},"featured_media":17574,"comment_status":"open","ping_status":"closed","template":"","meta":[],"product_brand":[110],"product_cat":[89,51],"product_tag":[],"class_list":{"0":"post-17567","1":"product","2":"type-product","3":"status-publish","4":"has-post-thumbnail","6":"product_brand-caminopoli","7":"product_cat-griglie-da-cottura","8":"product_cat-piastre-in-ghisa-da-cottura","9":"pa_misure-d-30","10":"pa_peso-11-0-kg","12":"first","13":"instock","14":"taxable","15":"shipping-taxable","16":"purchasable","17":"product-type-simple"},"yoast_head":"<!-- This site is optimized with the Yoast SEO plugin v27.3 - https:\/\/yoast.com\/product\/yoast-seo-wordpress\/ -->\n<title>Piastra Rigata da Cottura G405 Tonda con Manici - Caminopoli<\/title>\n<meta name=\"description\" content=\"Piastra Rigata da Cottura G405 Tonda con Manici Caminopoli: la citt\u00e0 degli accessori da camino. Vendita on-line con possibilit\u00e0 di ricevere tutto a casa\" \/>\n<meta name=\"robots\" content=\"index, follow, max-snippet:-1, max-image-preview:large, max-video-preview:-1\" \/>\n<link rel=\"canonical\" href=\"https:\/\/www.caminopoli.fr\/it\/accessori\/piastra-in-ghisa-g416-meta-liscia-meta-rigata-bbq\" \/>\n<meta property=\"og:locale\" content=\"it_IT\" \/>\n<meta property=\"og:type\" content=\"article\" \/>\n<meta property=\"og:title\" content=\"Piastra Rigata da Cottura G405 Tonda con Manici - Caminopoli\" \/>\n<meta property=\"og:description\" content=\"Piastra Rigata da Cottura G405 Tonda con Manici Caminopoli: la citt\u00e0 degli accessori da camino. Vendita on-line con possibilit\u00e0 di ricevere tutto a casa\" \/>\n<meta property=\"og:url\" content=\"https:\/\/www.caminopoli.fr\/it\/accessori\/piastra-in-ghisa-g416-meta-liscia-meta-rigata-bbq\" \/>\n<meta property=\"og:site_name\" content=\"Caminopoli: la citt\u00e0 degli accessori da camino\" \/>\n<meta property=\"article:publisher\" content=\"https:\/\/www.facebook.com\/caminopoli.fuocoamico\/\" \/>\n<meta property=\"article:modified_time\" content=\"2025-09-24T10:14:07+00:00\" \/>\n<meta property=\"og:image\" content=\"https:\/\/www.caminopoli.fr\/wp-content\/uploads\/2025\/05\/G416-O.jpg\" \/>\n\t<meta property=\"og:image:width\" content=\"799\" \/>\n\t<meta property=\"og:image:height\" content=\"801\" \/>\n\t<meta property=\"og:image:type\" content=\"image\/jpeg\" \/>\n<meta name=\"twitter:card\" content=\"summary_large_image\" \/>\n<meta name=\"twitter:label1\" content=\"Tempo di lettura stimato\" \/>\n\t<meta name=\"twitter:data1\" content=\"1 minuto\" \/>\n<script type=\"application\/ld+json\" class=\"yoast-schema-graph\">{\"@context\":\"https:\\\/\\\/schema.org\",\"@graph\":[{\"@type\":\"WebPage\",\"@id\":\"https:\\\/\\\/www.caminopoli.fr\\\/it\\\/accessori\\\/piastra-in-ghisa-g416-meta-liscia-meta-rigata-bbq\",\"url\":\"https:\\\/\\\/www.caminopoli.fr\\\/it\\\/accessori\\\/piastra-in-ghisa-g416-meta-liscia-meta-rigata-bbq\",\"name\":\"Piastra Rigata da Cottura G405 Tonda con Manici - Caminopoli\",\"isPartOf\":{\"@id\":\"https:\\\/\\\/www.caminopoli.fr\\\/it#website\"},\"primaryImageOfPage\":{\"@id\":\"https:\\\/\\\/www.caminopoli.fr\\\/it\\\/accessori\\\/piastra-in-ghisa-g416-meta-liscia-meta-rigata-bbq#primaryimage\"},\"image\":{\"@id\":\"https:\\\/\\\/www.caminopoli.fr\\\/it\\\/accessori\\\/piastra-in-ghisa-g416-meta-liscia-meta-rigata-bbq#primaryimage\"},\"thumbnailUrl\":\"https:\\\/\\\/www.caminopoli.fr\\\/wp-content\\\/uploads\\\/2025\\\/05\\\/G416-O.jpg\",\"datePublished\":\"2025-05-16T20:28:09+00:00\",\"dateModified\":\"2025-09-24T10:14:07+00:00\",\"description\":\"Piastra Rigata da Cottura G405 Tonda con Manici Caminopoli: la citt\u00e0 degli accessori da camino. Vendita on-line con possibilit\u00e0 di ricevere tutto a casa\",\"breadcrumb\":{\"@id\":\"https:\\\/\\\/www.caminopoli.fr\\\/it\\\/accessori\\\/piastra-in-ghisa-g416-meta-liscia-meta-rigata-bbq#breadcrumb\"},\"inLanguage\":\"it-IT\",\"potentialAction\":[{\"@type\":\"ReadAction\",\"target\":[\"https:\\\/\\\/www.caminopoli.fr\\\/it\\\/accessori\\\/piastra-in-ghisa-g416-meta-liscia-meta-rigata-bbq\"]}]},{\"@type\":\"ImageObject\",\"inLanguage\":\"it-IT\",\"@id\":\"https:\\\/\\\/www.caminopoli.fr\\\/it\\\/accessori\\\/piastra-in-ghisa-g416-meta-liscia-meta-rigata-bbq#primaryimage\",\"url\":\"https:\\\/\\\/www.caminopoli.fr\\\/wp-content\\\/uploads\\\/2025\\\/05\\\/G416-O.jpg\",\"contentUrl\":\"https:\\\/\\\/www.caminopoli.fr\\\/wp-content\\\/uploads\\\/2025\\\/05\\\/G416-O.jpg\",\"width\":799,\"height\":801},{\"@type\":\"BreadcrumbList\",\"@id\":\"https:\\\/\\\/www.caminopoli.fr\\\/it\\\/accessori\\\/piastra-in-ghisa-g416-meta-liscia-meta-rigata-bbq#breadcrumb\",\"itemListElement\":[{\"@type\":\"ListItem\",\"position\":1,\"name\":\"Home\",\"item\":\"https:\\\/\\\/www.caminopoli.fr\\\/it\"},{\"@type\":\"ListItem\",\"position\":2,\"name\":\"Attrezzi da Camino\",\"item\":\"https:\\\/\\\/www.caminopoli.fr\\\/attrezzi-da-camino\"},{\"@type\":\"ListItem\",\"position\":3,\"name\":\"Piastra in Ghisa G416 met\u00e0 Liscia met\u00e0 Rigata BBQ\"}]},{\"@type\":\"WebSite\",\"@id\":\"https:\\\/\\\/www.caminopoli.fr\\\/it#website\",\"url\":\"https:\\\/\\\/www.caminopoli.fr\\\/it\",\"name\":\"Caminopoli: la citt\u00e0 degli accessori da camino\",\"description\":\"Vendita online accessori da camino\",\"publisher\":{\"@id\":\"https:\\\/\\\/www.caminopoli.fr\\\/it#organization\"},\"potentialAction\":[{\"@type\":\"SearchAction\",\"target\":{\"@type\":\"EntryPoint\",\"urlTemplate\":\"https:\\\/\\\/www.caminopoli.fr\\\/it?s={search_term_string}\"},\"query-input\":{\"@type\":\"PropertyValueSpecification\",\"valueRequired\":true,\"valueName\":\"search_term_string\"}}],\"inLanguage\":\"it-IT\"},{\"@type\":\"Organization\",\"@id\":\"https:\\\/\\\/www.caminopoli.fr\\\/it#organization\",\"name\":\"Caminopoli\",\"url\":\"https:\\\/\\\/www.caminopoli.fr\\\/it\",\"logo\":{\"@type\":\"ImageObject\",\"inLanguage\":\"it-IT\",\"@id\":\"https:\\\/\\\/www.caminopoli.fr\\\/it#\\\/schema\\\/logo\\\/image\\\/\",\"url\":\"http:\\\/\\\/caminopoli.it\\\/wp-content\\\/uploads\\\/2017\\\/05\\\/Caminopoli-store_2.png\",\"contentUrl\":\"http:\\\/\\\/caminopoli.it\\\/wp-content\\\/uploads\\\/2017\\\/05\\\/Caminopoli-store_2.png\",\"width\":267,\"height\":71,\"caption\":\"Caminopoli\"},\"image\":{\"@id\":\"https:\\\/\\\/www.caminopoli.fr\\\/it#\\\/schema\\\/logo\\\/image\\\/\"},\"sameAs\":[\"https:\\\/\\\/www.facebook.com\\\/caminopoli.fuocoamico\\\/\"]}]}<\/script>\n<!-- \/ Yoast SEO plugin. -->","yoast_head_json":{"title":"Piastra Rigata da Cottura G405 Tonda con Manici - Caminopoli","description":"Piastra Rigata da Cottura G405 Tonda con Manici Caminopoli: la citt\u00e0 degli accessori da camino. Vendita on-line con possibilit\u00e0 di ricevere tutto a casa","robots":{"index":"index","follow":"follow","max-snippet":"max-snippet:-1","max-image-preview":"max-image-preview:large","max-video-preview":"max-video-preview:-1"},"canonical":"https:\/\/www.caminopoli.fr\/it\/accessori\/piastra-in-ghisa-g416-meta-liscia-meta-rigata-bbq","og_locale":"it_IT","og_type":"article","og_title":"Piastra Rigata da Cottura G405 Tonda con Manici - Caminopoli","og_description":"Piastra Rigata da Cottura G405 Tonda con Manici Caminopoli: la citt\u00e0 degli accessori da camino. Vendita on-line con possibilit\u00e0 di ricevere tutto a casa","og_url":"https:\/\/www.caminopoli.fr\/it\/accessori\/piastra-in-ghisa-g416-meta-liscia-meta-rigata-bbq","og_site_name":"Caminopoli: la citt\u00e0 degli accessori da camino","article_publisher":"https:\/\/www.facebook.com\/caminopoli.fuocoamico\/","article_modified_time":"2025-09-24T10:14:07+00:00","og_image":[{"width":799,"height":801,"url":"https:\/\/www.caminopoli.fr\/wp-content\/uploads\/2025\/05\/G416-O.jpg","type":"image\/jpeg"}],"twitter_card":"summary_large_image","twitter_misc":{"Tempo di lettura stimato":"1 minuto"},"schema":{"@context":"https:\/\/schema.org","@graph":[{"@type":"WebPage","@id":"https:\/\/www.caminopoli.fr\/it\/accessori\/piastra-in-ghisa-g416-meta-liscia-meta-rigata-bbq","url":"https:\/\/www.caminopoli.fr\/it\/accessori\/piastra-in-ghisa-g416-meta-liscia-meta-rigata-bbq","name":"Piastra Rigata da Cottura G405 Tonda con Manici - Caminopoli","isPartOf":{"@id":"https:\/\/www.caminopoli.fr\/it#website"},"primaryImageOfPage":{"@id":"https:\/\/www.caminopoli.fr\/it\/accessori\/piastra-in-ghisa-g416-meta-liscia-meta-rigata-bbq#primaryimage"},"image":{"@id":"https:\/\/www.caminopoli.fr\/it\/accessori\/piastra-in-ghisa-g416-meta-liscia-meta-rigata-bbq#primaryimage"},"thumbnailUrl":"https:\/\/www.caminopoli.fr\/wp-content\/uploads\/2025\/05\/G416-O.jpg","datePublished":"2025-05-16T20:28:09+00:00","dateModified":"2025-09-24T10:14:07+00:00","description":"Piastra Rigata da Cottura G405 Tonda con Manici Caminopoli: la citt\u00e0 degli accessori da camino. Vendita on-line con possibilit\u00e0 di ricevere tutto a casa","breadcrumb":{"@id":"https:\/\/www.caminopoli.fr\/it\/accessori\/piastra-in-ghisa-g416-meta-liscia-meta-rigata-bbq#breadcrumb"},"inLanguage":"it-IT","potentialAction":[{"@type":"ReadAction","target":["https:\/\/www.caminopoli.fr\/it\/accessori\/piastra-in-ghisa-g416-meta-liscia-meta-rigata-bbq"]}]},{"@type":"ImageObject","inLanguage":"it-IT","@id":"https:\/\/www.caminopoli.fr\/it\/accessori\/piastra-in-ghisa-g416-meta-liscia-meta-rigata-bbq#primaryimage","url":"https:\/\/www.caminopoli.fr\/wp-content\/uploads\/2025\/05\/G416-O.jpg","contentUrl":"https:\/\/www.caminopoli.fr\/wp-content\/uploads\/2025\/05\/G416-O.jpg","width":799,"height":801},{"@type":"BreadcrumbList","@id":"https:\/\/www.caminopoli.fr\/it\/accessori\/piastra-in-ghisa-g416-meta-liscia-meta-rigata-bbq#breadcrumb","itemListElement":[{"@type":"ListItem","position":1,"name":"Home","item":"https:\/\/www.caminopoli.fr\/it"},{"@type":"ListItem","position":2,"name":"Attrezzi da Camino","item":"https:\/\/www.caminopoli.fr\/attrezzi-da-camino"},{"@type":"ListItem","position":3,"name":"Piastra in Ghisa G416 met\u00e0 Liscia met\u00e0 Rigata BBQ"}]},{"@type":"WebSite","@id":"https:\/\/www.caminopoli.fr\/it#website","url":"https:\/\/www.caminopoli.fr\/it","name":"Caminopoli: la citt\u00e0 degli accessori da camino","description":"Vendita online accessori da camino","publisher":{"@id":"https:\/\/www.caminopoli.fr\/it#organization"},"potentialAction":[{"@type":"SearchAction","target":{"@type":"EntryPoint","urlTemplate":"https:\/\/www.caminopoli.fr\/it?s={search_term_string}"},"query-input":{"@type":"PropertyValueSpecification","valueRequired":true,"valueName":"search_term_string"}}],"inLanguage":"it-IT"},{"@type":"Organization","@id":"https:\/\/www.caminopoli.fr\/it#organization","name":"Caminopoli","url":"https:\/\/www.caminopoli.fr\/it","logo":{"@type":"ImageObject","inLanguage":"it-IT","@id":"https:\/\/www.caminopoli.fr\/it#\/schema\/logo\/image\/","url":"http:\/\/caminopoli.it\/wp-content\/uploads\/2017\/05\/Caminopoli-store_2.png","contentUrl":"http:\/\/caminopoli.it\/wp-content\/uploads\/2017\/05\/Caminopoli-store_2.png","width":267,"height":71,"caption":"Caminopoli"},"image":{"@id":"https:\/\/www.caminopoli.fr\/it#\/schema\/logo\/image\/"},"sameAs":["https:\/\/www.facebook.com\/caminopoli.fuocoamico\/"]}]}},"_links":{"self":[{"href":"https:\/\/www.caminopoli.fr\/it\/wp-json\/wp\/v2\/product\/17567","targetHints":{"allow":["GET"]}}],"collection":[{"href":"https:\/\/www.caminopoli.fr\/it\/wp-json\/wp\/v2\/product"}],"about":[{"href":"https:\/\/www.caminopoli.fr\/it\/wp-json\/wp\/v2\/types\/product"}],"replies":[{"embeddable":true,"href":"https:\/\/www.caminopoli.fr\/it\/wp-json\/wp\/v2\/comments?post=17567"}],"wp:featuredmedia":[{"embeddable":true,"href":"https:\/\/www.caminopoli.fr\/it\/wp-json\/wp\/v2\/media\/17574"}],"wp:attachment":[{"href":"https:\/\/www.caminopoli.fr\/it\/wp-json\/wp\/v2\/media?parent=17567"}],"wp:term":[{"taxonomy":"product_brand","embeddable":true,"href":"https:\/\/www.caminopoli.fr\/it\/wp-json\/wp\/v2\/product_brand?post=17567"},{"taxonomy":"product_cat","embeddable":true,"href":"https:\/\/www.caminopoli.fr\/it\/wp-json\/wp\/v2\/product_cat?post=17567"},{"taxonomy":"product_tag","embeddable":true,"href":"https:\/\/www.caminopoli.fr\/it\/wp-json\/wp\/v2\/product_tag?post=17567"}],"curies":[{"name":"wp","href":"https:\/\/api.w.org\/{rel}","templated":true}]}}