{"id":2925,"date":"2016-12-27T16:40:35","date_gmt":"2016-12-27T15:40:35","guid":{"rendered":"http:\/\/sviluppo.caminopoli.it\/?post_type=product&#038;p=2925"},"modified":"2025-09-24T12:21:08","modified_gmt":"2025-09-24T10:21:08","slug":"set-di-attrezzi-per-il-fuoco-s253-essenziale","status":"publish","type":"product","link":"https:\/\/www.caminopoli.fr\/it\/accessori\/set-di-attrezzi-per-il-fuoco-s253-essenziale","title":{"rendered":"Set di attrezzi per il fuoco S253 Essenziale"},"content":{"rendered":"<p>&nbsp;<\/p>\n<p>Set di attrezzi per il Camino in Acciaio verniciato di colore nero con impugnature in legno.<\/p>\n<p>Gli utensili potrebbero sembrare corti ma \u00e8 proprio per questo motivo che sono i pi\u00f9 pratici da usare, lo scopino ha le setole in fibra di cocco che resistono al calore ed \u00e8 curvo per facilitarne i movimenti.<\/p>\n<p>Pratico, Bello ed Essenziale.<\/p>\n<p>Lo proponiamo anche in <a href=\"http:\/\/caminopoli.it\/accessori\/set-attrezzi-3-1-s182-acciaio\"><strong>ACCIAIO <\/strong>satinato e lo trovate con il codice <strong>S182<\/strong><\/a><\/p>\n<p>CO838+430AA23<\/p>\n","protected":false},"excerpt":{"rendered":"<p>&nbsp;<\/p>\n<p><strong>Set di attrezzi per il Camino<\/strong> in Acciaio verniciato nero con impugnature in legno.<\/p>\n<p>Gli utensili potrebbero sembrare corti ma \u00e8 proprio per questo motivo che sono i pi\u00f9 pratici da usare, lo scopino ha le setole in fibra di cocco che resistono al calore ed \u00e8 curvo per facilitarne i movimenti.<\/p>\n<p>Pratico, Bello ed Essenziale.<\/p>\n<p>Lo proponiamo anche in <a href=\"http:\/\/caminopoli.it\/accessori\/set-attrezzi-3-1-s182-acciaio\"><strong>ACCIAIO <\/strong>satinato e lo trovate con il codice <strong>S182<\/strong><\/a><\/p>\n<p>&nbsp;<\/p>\n","protected":false},"featured_media":7941,"comment_status":"open","ping_status":"closed","template":"","meta":[],"product_brand":[110],"product_cat":[63,61],"product_tag":[],"class_list":{"0":"post-2925","1":"product","2":"type-product","3":"status-publish","4":"has-post-thumbnail","6":"product_brand-caminopoli","7":"product_cat-set-attrezzi-in-acciaio","8":"product_cat-set-attrezzi-in-ferro-battuto","9":"pa_peso-1-7-kg","11":"first","12":"instock","13":"sale","14":"featured","15":"taxable","16":"shipping-taxable","17":"purchasable","18":"product-type-simple"},"yoast_head":"<!-- This site is optimized with the Yoast SEO plugin v27.3 - https:\/\/yoast.com\/product\/yoast-seo-wordpress\/ -->\n<title>Set di attrezzi per il fuoco S253 - Caminopoli: tutto per il tuo camino.<\/title>\n<meta name=\"description\" content=\"Set di attrezzi per il fuoco S253 - Caminopoli: tutto per il tuo camino. Vendita on-line con possibilit\u00e0 di ricevere tutto comodamente a casa vosrtra\" \/>\n<meta name=\"robots\" content=\"index, follow, max-snippet:-1, max-image-preview:large, max-video-preview:-1\" \/>\n<link rel=\"canonical\" href=\"https:\/\/www.caminopoli.fr\/it\/accessori\/set-di-attrezzi-per-il-fuoco-s253-essenziale\" \/>\n<meta property=\"og:locale\" content=\"it_IT\" \/>\n<meta property=\"og:type\" content=\"article\" \/>\n<meta property=\"og:title\" content=\"Set di attrezzi per il fuoco S253 - Caminopoli: tutto per il tuo camino.\" \/>\n<meta property=\"og:description\" content=\"Set di attrezzi per il fuoco S253 - Caminopoli: tutto per il tuo camino. Vendita on-line con possibilit\u00e0 di ricevere tutto comodamente a casa vosrtra\" \/>\n<meta property=\"og:url\" content=\"https:\/\/www.caminopoli.fr\/it\/accessori\/set-di-attrezzi-per-il-fuoco-s253-essenziale\" \/>\n<meta property=\"og:site_name\" content=\"Caminopoli: la citt\u00e0 degli accessori da camino\" \/>\n<meta property=\"article:publisher\" content=\"https:\/\/www.facebook.com\/caminopoli.fuocoamico\/\" \/>\n<meta property=\"article:modified_time\" content=\"2025-09-24T10:21:08+00:00\" \/>\n<meta property=\"og:image\" content=\"https:\/\/www.caminopoli.fr\/wp-content\/uploads\/2016\/12\/S253.jpg\" \/>\n\t<meta property=\"og:image:width\" content=\"800\" \/>\n\t<meta property=\"og:image:height\" content=\"800\" \/>\n\t<meta property=\"og:image:type\" content=\"image\/jpeg\" \/>\n<meta name=\"twitter:card\" content=\"summary_large_image\" \/>\n<meta name=\"twitter:label1\" content=\"Tempo di lettura stimato\" \/>\n\t<meta name=\"twitter:data1\" content=\"1 minuto\" \/>\n<script type=\"application\/ld+json\" class=\"yoast-schema-graph\">{\"@context\":\"https:\\\/\\\/schema.org\",\"@graph\":[{\"@type\":\"WebPage\",\"@id\":\"https:\\\/\\\/www.caminopoli.fr\\\/it\\\/accessori\\\/set-di-attrezzi-per-il-fuoco-s253-essenziale\",\"url\":\"https:\\\/\\\/www.caminopoli.fr\\\/it\\\/accessori\\\/set-di-attrezzi-per-il-fuoco-s253-essenziale\",\"name\":\"Set di attrezzi per il fuoco S253 - Caminopoli: tutto per il tuo camino.\",\"isPartOf\":{\"@id\":\"https:\\\/\\\/www.caminopoli.fr\\\/it#website\"},\"primaryImageOfPage\":{\"@id\":\"https:\\\/\\\/www.caminopoli.fr\\\/it\\\/accessori\\\/set-di-attrezzi-per-il-fuoco-s253-essenziale#primaryimage\"},\"image\":{\"@id\":\"https:\\\/\\\/www.caminopoli.fr\\\/it\\\/accessori\\\/set-di-attrezzi-per-il-fuoco-s253-essenziale#primaryimage\"},\"thumbnailUrl\":\"https:\\\/\\\/www.caminopoli.fr\\\/wp-content\\\/uploads\\\/2016\\\/12\\\/S253.jpg\",\"datePublished\":\"2016-12-27T15:40:35+00:00\",\"dateModified\":\"2025-09-24T10:21:08+00:00\",\"description\":\"Set di attrezzi per il fuoco S253 - Caminopoli: tutto per il tuo camino. Vendita on-line con possibilit\u00e0 di ricevere tutto comodamente a casa vosrtra\",\"breadcrumb\":{\"@id\":\"https:\\\/\\\/www.caminopoli.fr\\\/it\\\/accessori\\\/set-di-attrezzi-per-il-fuoco-s253-essenziale#breadcrumb\"},\"inLanguage\":\"it-IT\",\"potentialAction\":[{\"@type\":\"ReadAction\",\"target\":[\"https:\\\/\\\/www.caminopoli.fr\\\/it\\\/accessori\\\/set-di-attrezzi-per-il-fuoco-s253-essenziale\"]}]},{\"@type\":\"ImageObject\",\"inLanguage\":\"it-IT\",\"@id\":\"https:\\\/\\\/www.caminopoli.fr\\\/it\\\/accessori\\\/set-di-attrezzi-per-il-fuoco-s253-essenziale#primaryimage\",\"url\":\"https:\\\/\\\/www.caminopoli.fr\\\/wp-content\\\/uploads\\\/2016\\\/12\\\/S253.jpg\",\"contentUrl\":\"https:\\\/\\\/www.caminopoli.fr\\\/wp-content\\\/uploads\\\/2016\\\/12\\\/S253.jpg\",\"width\":800,\"height\":800},{\"@type\":\"BreadcrumbList\",\"@id\":\"https:\\\/\\\/www.caminopoli.fr\\\/it\\\/accessori\\\/set-di-attrezzi-per-il-fuoco-s253-essenziale#breadcrumb\",\"itemListElement\":[{\"@type\":\"ListItem\",\"position\":1,\"name\":\"Home\",\"item\":\"https:\\\/\\\/www.caminopoli.fr\\\/it\"},{\"@type\":\"ListItem\",\"position\":2,\"name\":\"Attrezzi da Camino\",\"item\":\"https:\\\/\\\/www.caminopoli.fr\\\/attrezzi-da-camino\"},{\"@type\":\"ListItem\",\"position\":3,\"name\":\"Set di attrezzi per il fuoco S253 Essenziale\"}]},{\"@type\":\"WebSite\",\"@id\":\"https:\\\/\\\/www.caminopoli.fr\\\/it#website\",\"url\":\"https:\\\/\\\/www.caminopoli.fr\\\/it\",\"name\":\"Caminopoli: la citt\u00e0 degli accessori da camino\",\"description\":\"Vendita online accessori da camino\",\"publisher\":{\"@id\":\"https:\\\/\\\/www.caminopoli.fr\\\/it#organization\"},\"potentialAction\":[{\"@type\":\"SearchAction\",\"target\":{\"@type\":\"EntryPoint\",\"urlTemplate\":\"https:\\\/\\\/www.caminopoli.fr\\\/it?s={search_term_string}\"},\"query-input\":{\"@type\":\"PropertyValueSpecification\",\"valueRequired\":true,\"valueName\":\"search_term_string\"}}],\"inLanguage\":\"it-IT\"},{\"@type\":\"Organization\",\"@id\":\"https:\\\/\\\/www.caminopoli.fr\\\/it#organization\",\"name\":\"Caminopoli\",\"url\":\"https:\\\/\\\/www.caminopoli.fr\\\/it\",\"logo\":{\"@type\":\"ImageObject\",\"inLanguage\":\"it-IT\",\"@id\":\"https:\\\/\\\/www.caminopoli.fr\\\/it#\\\/schema\\\/logo\\\/image\\\/\",\"url\":\"http:\\\/\\\/caminopoli.it\\\/wp-content\\\/uploads\\\/2017\\\/05\\\/Caminopoli-store_2.png\",\"contentUrl\":\"http:\\\/\\\/caminopoli.it\\\/wp-content\\\/uploads\\\/2017\\\/05\\\/Caminopoli-store_2.png\",\"width\":267,\"height\":71,\"caption\":\"Caminopoli\"},\"image\":{\"@id\":\"https:\\\/\\\/www.caminopoli.fr\\\/it#\\\/schema\\\/logo\\\/image\\\/\"},\"sameAs\":[\"https:\\\/\\\/www.facebook.com\\\/caminopoli.fuocoamico\\\/\"]}]}<\/script>\n<!-- \/ Yoast SEO plugin. -->","yoast_head_json":{"title":"Set di attrezzi per il fuoco S253 - Caminopoli: tutto per il tuo camino.","description":"Set di attrezzi per il fuoco S253 - Caminopoli: tutto per il tuo camino. Vendita on-line con possibilit\u00e0 di ricevere tutto comodamente a casa vosrtra","robots":{"index":"index","follow":"follow","max-snippet":"max-snippet:-1","max-image-preview":"max-image-preview:large","max-video-preview":"max-video-preview:-1"},"canonical":"https:\/\/www.caminopoli.fr\/it\/accessori\/set-di-attrezzi-per-il-fuoco-s253-essenziale","og_locale":"it_IT","og_type":"article","og_title":"Set di attrezzi per il fuoco S253 - Caminopoli: tutto per il tuo camino.","og_description":"Set di attrezzi per il fuoco S253 - Caminopoli: tutto per il tuo camino. Vendita on-line con possibilit\u00e0 di ricevere tutto comodamente a casa vosrtra","og_url":"https:\/\/www.caminopoli.fr\/it\/accessori\/set-di-attrezzi-per-il-fuoco-s253-essenziale","og_site_name":"Caminopoli: la citt\u00e0 degli accessori da camino","article_publisher":"https:\/\/www.facebook.com\/caminopoli.fuocoamico\/","article_modified_time":"2025-09-24T10:21:08+00:00","og_image":[{"width":800,"height":800,"url":"https:\/\/www.caminopoli.fr\/wp-content\/uploads\/2016\/12\/S253.jpg","type":"image\/jpeg"}],"twitter_card":"summary_large_image","twitter_misc":{"Tempo di lettura stimato":"1 minuto"},"schema":{"@context":"https:\/\/schema.org","@graph":[{"@type":"WebPage","@id":"https:\/\/www.caminopoli.fr\/it\/accessori\/set-di-attrezzi-per-il-fuoco-s253-essenziale","url":"https:\/\/www.caminopoli.fr\/it\/accessori\/set-di-attrezzi-per-il-fuoco-s253-essenziale","name":"Set di attrezzi per il fuoco S253 - Caminopoli: tutto per il tuo camino.","isPartOf":{"@id":"https:\/\/www.caminopoli.fr\/it#website"},"primaryImageOfPage":{"@id":"https:\/\/www.caminopoli.fr\/it\/accessori\/set-di-attrezzi-per-il-fuoco-s253-essenziale#primaryimage"},"image":{"@id":"https:\/\/www.caminopoli.fr\/it\/accessori\/set-di-attrezzi-per-il-fuoco-s253-essenziale#primaryimage"},"thumbnailUrl":"https:\/\/www.caminopoli.fr\/wp-content\/uploads\/2016\/12\/S253.jpg","datePublished":"2016-12-27T15:40:35+00:00","dateModified":"2025-09-24T10:21:08+00:00","description":"Set di attrezzi per il fuoco S253 - Caminopoli: tutto per il tuo camino. Vendita on-line con possibilit\u00e0 di ricevere tutto comodamente a casa vosrtra","breadcrumb":{"@id":"https:\/\/www.caminopoli.fr\/it\/accessori\/set-di-attrezzi-per-il-fuoco-s253-essenziale#breadcrumb"},"inLanguage":"it-IT","potentialAction":[{"@type":"ReadAction","target":["https:\/\/www.caminopoli.fr\/it\/accessori\/set-di-attrezzi-per-il-fuoco-s253-essenziale"]}]},{"@type":"ImageObject","inLanguage":"it-IT","@id":"https:\/\/www.caminopoli.fr\/it\/accessori\/set-di-attrezzi-per-il-fuoco-s253-essenziale#primaryimage","url":"https:\/\/www.caminopoli.fr\/wp-content\/uploads\/2016\/12\/S253.jpg","contentUrl":"https:\/\/www.caminopoli.fr\/wp-content\/uploads\/2016\/12\/S253.jpg","width":800,"height":800},{"@type":"BreadcrumbList","@id":"https:\/\/www.caminopoli.fr\/it\/accessori\/set-di-attrezzi-per-il-fuoco-s253-essenziale#breadcrumb","itemListElement":[{"@type":"ListItem","position":1,"name":"Home","item":"https:\/\/www.caminopoli.fr\/it"},{"@type":"ListItem","position":2,"name":"Attrezzi da Camino","item":"https:\/\/www.caminopoli.fr\/attrezzi-da-camino"},{"@type":"ListItem","position":3,"name":"Set di attrezzi per il fuoco S253 Essenziale"}]},{"@type":"WebSite","@id":"https:\/\/www.caminopoli.fr\/it#website","url":"https:\/\/www.caminopoli.fr\/it","name":"Caminopoli: la citt\u00e0 degli accessori da camino","description":"Vendita online accessori da camino","publisher":{"@id":"https:\/\/www.caminopoli.fr\/it#organization"},"potentialAction":[{"@type":"SearchAction","target":{"@type":"EntryPoint","urlTemplate":"https:\/\/www.caminopoli.fr\/it?s={search_term_string}"},"query-input":{"@type":"PropertyValueSpecification","valueRequired":true,"valueName":"search_term_string"}}],"inLanguage":"it-IT"},{"@type":"Organization","@id":"https:\/\/www.caminopoli.fr\/it#organization","name":"Caminopoli","url":"https:\/\/www.caminopoli.fr\/it","logo":{"@type":"ImageObject","inLanguage":"it-IT","@id":"https:\/\/www.caminopoli.fr\/it#\/schema\/logo\/image\/","url":"http:\/\/caminopoli.it\/wp-content\/uploads\/2017\/05\/Caminopoli-store_2.png","contentUrl":"http:\/\/caminopoli.it\/wp-content\/uploads\/2017\/05\/Caminopoli-store_2.png","width":267,"height":71,"caption":"Caminopoli"},"image":{"@id":"https:\/\/www.caminopoli.fr\/it#\/schema\/logo\/image\/"},"sameAs":["https:\/\/www.facebook.com\/caminopoli.fuocoamico\/"]}]}},"_links":{"self":[{"href":"https:\/\/www.caminopoli.fr\/it\/wp-json\/wp\/v2\/product\/2925","targetHints":{"allow":["GET"]}}],"collection":[{"href":"https:\/\/www.caminopoli.fr\/it\/wp-json\/wp\/v2\/product"}],"about":[{"href":"https:\/\/www.caminopoli.fr\/it\/wp-json\/wp\/v2\/types\/product"}],"replies":[{"embeddable":true,"href":"https:\/\/www.caminopoli.fr\/it\/wp-json\/wp\/v2\/comments?post=2925"}],"wp:featuredmedia":[{"embeddable":true,"href":"https:\/\/www.caminopoli.fr\/it\/wp-json\/wp\/v2\/media\/7941"}],"wp:attachment":[{"href":"https:\/\/www.caminopoli.fr\/it\/wp-json\/wp\/v2\/media?parent=2925"}],"wp:term":[{"taxonomy":"product_brand","embeddable":true,"href":"https:\/\/www.caminopoli.fr\/it\/wp-json\/wp\/v2\/product_brand?post=2925"},{"taxonomy":"product_cat","embeddable":true,"href":"https:\/\/www.caminopoli.fr\/it\/wp-json\/wp\/v2\/product_cat?post=2925"},{"taxonomy":"product_tag","embeddable":true,"href":"https:\/\/www.caminopoli.fr\/it\/wp-json\/wp\/v2\/product_tag?post=2925"}],"curies":[{"name":"wp","href":"https:\/\/api.w.org\/{rel}","templated":true}]}}