{"id":3094,"date":"2017-04-20T09:25:16","date_gmt":"2017-04-20T07:25:16","guid":{"rendered":"http:\/\/sviluppo.caminopoli.it\/?post_type=product&#038;p=3094"},"modified":"2025-09-24T12:59:44","modified_gmt":"2025-09-24T10:59:44","slug":"griglie-in-ghisa-g300-08","status":"publish","type":"product","link":"https:\/\/www.caminopoli.fr\/it\/accessori\/griglie-in-ghisa-g300-08","title":{"rendered":"Griglie in ghisa G300-08"},"content":{"rendered":"<p>Griglia in ghisa per ceneriere, per la cenere che cadr\u00e0 nel cassetto di camini, stufe a legna, stufe a pellet e termocamini.<\/p>\n<p>Disponibile in 13 misure tutte dello spessore di 1 cm.<\/p>\n","protected":false},"excerpt":{"rendered":"<p>Griglia in ghisa per ceneriere, per la cenere che cadr\u00e0 nel cassetto di camini, stufe a legna, stufe a pellet e termocamini. Disponibile in 13 misure tutte dello spessore di 1 cm.<\/p>\n","protected":false},"featured_media":1488,"comment_status":"open","ping_status":"closed","template":"","meta":[],"product_brand":[],"product_cat":[735,733],"product_tag":[],"class_list":{"0":"post-3094","1":"product","2":"type-product","3":"status-publish","4":"has-post-thumbnail","6":"product_cat-griglie","7":"product_cat-prodotti-nascosti","8":"pa_formato-16-0x24-0x1","9":"pa_formato-20-5x23-5x1","10":"pa_formato-20-7x19-1x1","11":"pa_formato-23-5x23-5x1","12":"pa_formato-23-4x19-5x1","13":"pa_formato-23-8x18-8x1","14":"pa_formato-29-0x18-2x1","15":"pa_formato-29-5x15-0x1","16":"pa_formato-29-3x21-5x1","17":"pa_formato-30-0x20-6x1","18":"pa_formato-30x16x1-0","19":"pa_formato-30x18x1-0","20":"pa_formato-36-2x10-0x1","21":"pa_peso-1-9-2","22":"pa_peso-1-9","23":"pa_peso-2-0","24":"pa_peso-2-1","25":"pa_peso-2-4","26":"pa_peso-2-5","27":"pa_peso-146","28":"pa_peso-3-0","29":"pa_peso-3-5","31":"first","32":"instock","33":"taxable","34":"shipping-taxable","35":"purchasable","36":"product-type-simple"},"yoast_head":"<!-- This site is optimized with the Yoast SEO plugin v27.3 - https:\/\/yoast.com\/product\/yoast-seo-wordpress\/ -->\n<title>Griglie in ghisa G300-08 - Caminopoli: la citt\u00e0 degli accessori da camino<\/title>\n<meta name=\"description\" content=\"Griglie in ghisa G300-08 CAMINOPOLI: la citt\u00e0 degli accessori da camino. Vendita on-line con possibilit\u00e0 di ricevere tutto comodamente a casa vostra.\" \/>\n<meta name=\"robots\" content=\"index, follow, max-snippet:-1, max-image-preview:large, max-video-preview:-1\" \/>\n<link rel=\"canonical\" href=\"https:\/\/www.caminopoli.fr\/it\/accessori\/griglie-in-ghisa-g300-08\" \/>\n<meta property=\"og:locale\" content=\"it_IT\" \/>\n<meta property=\"og:type\" content=\"article\" \/>\n<meta property=\"og:title\" content=\"Griglie in ghisa G300-08 - Caminopoli: la citt\u00e0 degli accessori da camino\" \/>\n<meta property=\"og:description\" content=\"Griglie in ghisa G300-08 CAMINOPOLI: la citt\u00e0 degli accessori da camino. Vendita on-line con possibilit\u00e0 di ricevere tutto comodamente a casa vostra.\" \/>\n<meta property=\"og:url\" content=\"https:\/\/www.caminopoli.fr\/it\/accessori\/griglie-in-ghisa-g300-08\" \/>\n<meta property=\"og:site_name\" content=\"Caminopoli: la citt\u00e0 degli accessori da camino\" \/>\n<meta property=\"article:publisher\" content=\"https:\/\/www.facebook.com\/caminopoli.fuocoamico\/\" \/>\n<meta property=\"article:modified_time\" content=\"2025-09-24T10:59:44+00:00\" \/>\n<meta property=\"og:image\" content=\"https:\/\/www.caminopoli.fr\/wp-content\/uploads\/images\/products\/p-1487-Griglia_in_ghisa_4aaf6311d2c6e.jpg\" \/>\n\t<meta property=\"og:image:width\" content=\"430\" \/>\n\t<meta property=\"og:image:height\" content=\"350\" \/>\n\t<meta property=\"og:image:type\" content=\"image\/jpeg\" \/>\n<meta name=\"twitter:card\" content=\"summary_large_image\" \/>\n<script type=\"application\/ld+json\" class=\"yoast-schema-graph\">{\"@context\":\"https:\\\/\\\/schema.org\",\"@graph\":[{\"@type\":\"WebPage\",\"@id\":\"https:\\\/\\\/www.caminopoli.fr\\\/it\\\/accessori\\\/griglie-in-ghisa-g300-08\",\"url\":\"https:\\\/\\\/www.caminopoli.fr\\\/it\\\/accessori\\\/griglie-in-ghisa-g300-08\",\"name\":\"Griglie in ghisa G300-08 - Caminopoli: la citt\u00e0 degli accessori da camino\",\"isPartOf\":{\"@id\":\"https:\\\/\\\/www.caminopoli.fr\\\/it#website\"},\"primaryImageOfPage\":{\"@id\":\"https:\\\/\\\/www.caminopoli.fr\\\/it\\\/accessori\\\/griglie-in-ghisa-g300-08#primaryimage\"},\"image\":{\"@id\":\"https:\\\/\\\/www.caminopoli.fr\\\/it\\\/accessori\\\/griglie-in-ghisa-g300-08#primaryimage\"},\"thumbnailUrl\":\"https:\\\/\\\/www.caminopoli.fr\\\/wp-content\\\/uploads\\\/images\\\/products\\\/p-1487-Griglia_in_ghisa_4aaf6311d2c6e.jpg\",\"datePublished\":\"2017-04-20T07:25:16+00:00\",\"dateModified\":\"2025-09-24T10:59:44+00:00\",\"description\":\"Griglie in ghisa G300-08 CAMINOPOLI: la citt\u00e0 degli accessori da camino. Vendita on-line con possibilit\u00e0 di ricevere tutto comodamente a casa vostra.\",\"breadcrumb\":{\"@id\":\"https:\\\/\\\/www.caminopoli.fr\\\/it\\\/accessori\\\/griglie-in-ghisa-g300-08#breadcrumb\"},\"inLanguage\":\"it-IT\",\"potentialAction\":[{\"@type\":\"ReadAction\",\"target\":[\"https:\\\/\\\/www.caminopoli.fr\\\/it\\\/accessori\\\/griglie-in-ghisa-g300-08\"]}]},{\"@type\":\"ImageObject\",\"inLanguage\":\"it-IT\",\"@id\":\"https:\\\/\\\/www.caminopoli.fr\\\/it\\\/accessori\\\/griglie-in-ghisa-g300-08#primaryimage\",\"url\":\"https:\\\/\\\/www.caminopoli.fr\\\/wp-content\\\/uploads\\\/images\\\/products\\\/p-1487-Griglia_in_ghisa_4aaf6311d2c6e.jpg\",\"contentUrl\":\"https:\\\/\\\/www.caminopoli.fr\\\/wp-content\\\/uploads\\\/images\\\/products\\\/p-1487-Griglia_in_ghisa_4aaf6311d2c6e.jpg\",\"width\":430,\"height\":350,\"caption\":\"Griglia cenere in Ghisa G300 per il Camino e Stufe\"},{\"@type\":\"BreadcrumbList\",\"@id\":\"https:\\\/\\\/www.caminopoli.fr\\\/it\\\/accessori\\\/griglie-in-ghisa-g300-08#breadcrumb\",\"itemListElement\":[{\"@type\":\"ListItem\",\"position\":1,\"name\":\"Home\",\"item\":\"https:\\\/\\\/www.caminopoli.fr\\\/it\"},{\"@type\":\"ListItem\",\"position\":2,\"name\":\"Attrezzi da Camino\",\"item\":\"https:\\\/\\\/www.caminopoli.fr\\\/attrezzi-da-camino\"},{\"@type\":\"ListItem\",\"position\":3,\"name\":\"Griglie in ghisa G300-08\"}]},{\"@type\":\"WebSite\",\"@id\":\"https:\\\/\\\/www.caminopoli.fr\\\/it#website\",\"url\":\"https:\\\/\\\/www.caminopoli.fr\\\/it\",\"name\":\"Caminopoli: la citt\u00e0 degli accessori da camino\",\"description\":\"Vendita online accessori da camino\",\"publisher\":{\"@id\":\"https:\\\/\\\/www.caminopoli.fr\\\/it#organization\"},\"potentialAction\":[{\"@type\":\"SearchAction\",\"target\":{\"@type\":\"EntryPoint\",\"urlTemplate\":\"https:\\\/\\\/www.caminopoli.fr\\\/it?s={search_term_string}\"},\"query-input\":{\"@type\":\"PropertyValueSpecification\",\"valueRequired\":true,\"valueName\":\"search_term_string\"}}],\"inLanguage\":\"it-IT\"},{\"@type\":\"Organization\",\"@id\":\"https:\\\/\\\/www.caminopoli.fr\\\/it#organization\",\"name\":\"Caminopoli\",\"url\":\"https:\\\/\\\/www.caminopoli.fr\\\/it\",\"logo\":{\"@type\":\"ImageObject\",\"inLanguage\":\"it-IT\",\"@id\":\"https:\\\/\\\/www.caminopoli.fr\\\/it#\\\/schema\\\/logo\\\/image\\\/\",\"url\":\"http:\\\/\\\/caminopoli.it\\\/wp-content\\\/uploads\\\/2017\\\/05\\\/Caminopoli-store_2.png\",\"contentUrl\":\"http:\\\/\\\/caminopoli.it\\\/wp-content\\\/uploads\\\/2017\\\/05\\\/Caminopoli-store_2.png\",\"width\":267,\"height\":71,\"caption\":\"Caminopoli\"},\"image\":{\"@id\":\"https:\\\/\\\/www.caminopoli.fr\\\/it#\\\/schema\\\/logo\\\/image\\\/\"},\"sameAs\":[\"https:\\\/\\\/www.facebook.com\\\/caminopoli.fuocoamico\\\/\"]}]}<\/script>\n<!-- \/ Yoast SEO plugin. -->","yoast_head_json":{"title":"Griglie in ghisa G300-08 - Caminopoli: la citt\u00e0 degli accessori da camino","description":"Griglie in ghisa G300-08 CAMINOPOLI: la citt\u00e0 degli accessori da camino. Vendita on-line con possibilit\u00e0 di ricevere tutto comodamente a casa vostra.","robots":{"index":"index","follow":"follow","max-snippet":"max-snippet:-1","max-image-preview":"max-image-preview:large","max-video-preview":"max-video-preview:-1"},"canonical":"https:\/\/www.caminopoli.fr\/it\/accessori\/griglie-in-ghisa-g300-08","og_locale":"it_IT","og_type":"article","og_title":"Griglie in ghisa G300-08 - Caminopoli: la citt\u00e0 degli accessori da camino","og_description":"Griglie in ghisa G300-08 CAMINOPOLI: la citt\u00e0 degli accessori da camino. Vendita on-line con possibilit\u00e0 di ricevere tutto comodamente a casa vostra.","og_url":"https:\/\/www.caminopoli.fr\/it\/accessori\/griglie-in-ghisa-g300-08","og_site_name":"Caminopoli: la citt\u00e0 degli accessori da camino","article_publisher":"https:\/\/www.facebook.com\/caminopoli.fuocoamico\/","article_modified_time":"2025-09-24T10:59:44+00:00","og_image":[{"width":430,"height":350,"url":"https:\/\/www.caminopoli.fr\/wp-content\/uploads\/images\/products\/p-1487-Griglia_in_ghisa_4aaf6311d2c6e.jpg","type":"image\/jpeg"}],"twitter_card":"summary_large_image","schema":{"@context":"https:\/\/schema.org","@graph":[{"@type":"WebPage","@id":"https:\/\/www.caminopoli.fr\/it\/accessori\/griglie-in-ghisa-g300-08","url":"https:\/\/www.caminopoli.fr\/it\/accessori\/griglie-in-ghisa-g300-08","name":"Griglie in ghisa G300-08 - Caminopoli: la citt\u00e0 degli accessori da camino","isPartOf":{"@id":"https:\/\/www.caminopoli.fr\/it#website"},"primaryImageOfPage":{"@id":"https:\/\/www.caminopoli.fr\/it\/accessori\/griglie-in-ghisa-g300-08#primaryimage"},"image":{"@id":"https:\/\/www.caminopoli.fr\/it\/accessori\/griglie-in-ghisa-g300-08#primaryimage"},"thumbnailUrl":"https:\/\/www.caminopoli.fr\/wp-content\/uploads\/images\/products\/p-1487-Griglia_in_ghisa_4aaf6311d2c6e.jpg","datePublished":"2017-04-20T07:25:16+00:00","dateModified":"2025-09-24T10:59:44+00:00","description":"Griglie in ghisa G300-08 CAMINOPOLI: la citt\u00e0 degli accessori da camino. Vendita on-line con possibilit\u00e0 di ricevere tutto comodamente a casa vostra.","breadcrumb":{"@id":"https:\/\/www.caminopoli.fr\/it\/accessori\/griglie-in-ghisa-g300-08#breadcrumb"},"inLanguage":"it-IT","potentialAction":[{"@type":"ReadAction","target":["https:\/\/www.caminopoli.fr\/it\/accessori\/griglie-in-ghisa-g300-08"]}]},{"@type":"ImageObject","inLanguage":"it-IT","@id":"https:\/\/www.caminopoli.fr\/it\/accessori\/griglie-in-ghisa-g300-08#primaryimage","url":"https:\/\/www.caminopoli.fr\/wp-content\/uploads\/images\/products\/p-1487-Griglia_in_ghisa_4aaf6311d2c6e.jpg","contentUrl":"https:\/\/www.caminopoli.fr\/wp-content\/uploads\/images\/products\/p-1487-Griglia_in_ghisa_4aaf6311d2c6e.jpg","width":430,"height":350,"caption":"Griglia cenere in Ghisa G300 per il Camino e Stufe"},{"@type":"BreadcrumbList","@id":"https:\/\/www.caminopoli.fr\/it\/accessori\/griglie-in-ghisa-g300-08#breadcrumb","itemListElement":[{"@type":"ListItem","position":1,"name":"Home","item":"https:\/\/www.caminopoli.fr\/it"},{"@type":"ListItem","position":2,"name":"Attrezzi da Camino","item":"https:\/\/www.caminopoli.fr\/attrezzi-da-camino"},{"@type":"ListItem","position":3,"name":"Griglie in ghisa G300-08"}]},{"@type":"WebSite","@id":"https:\/\/www.caminopoli.fr\/it#website","url":"https:\/\/www.caminopoli.fr\/it","name":"Caminopoli: la citt\u00e0 degli accessori da camino","description":"Vendita online accessori da camino","publisher":{"@id":"https:\/\/www.caminopoli.fr\/it#organization"},"potentialAction":[{"@type":"SearchAction","target":{"@type":"EntryPoint","urlTemplate":"https:\/\/www.caminopoli.fr\/it?s={search_term_string}"},"query-input":{"@type":"PropertyValueSpecification","valueRequired":true,"valueName":"search_term_string"}}],"inLanguage":"it-IT"},{"@type":"Organization","@id":"https:\/\/www.caminopoli.fr\/it#organization","name":"Caminopoli","url":"https:\/\/www.caminopoli.fr\/it","logo":{"@type":"ImageObject","inLanguage":"it-IT","@id":"https:\/\/www.caminopoli.fr\/it#\/schema\/logo\/image\/","url":"http:\/\/caminopoli.it\/wp-content\/uploads\/2017\/05\/Caminopoli-store_2.png","contentUrl":"http:\/\/caminopoli.it\/wp-content\/uploads\/2017\/05\/Caminopoli-store_2.png","width":267,"height":71,"caption":"Caminopoli"},"image":{"@id":"https:\/\/www.caminopoli.fr\/it#\/schema\/logo\/image\/"},"sameAs":["https:\/\/www.facebook.com\/caminopoli.fuocoamico\/"]}]}},"_links":{"self":[{"href":"https:\/\/www.caminopoli.fr\/it\/wp-json\/wp\/v2\/product\/3094","targetHints":{"allow":["GET"]}}],"collection":[{"href":"https:\/\/www.caminopoli.fr\/it\/wp-json\/wp\/v2\/product"}],"about":[{"href":"https:\/\/www.caminopoli.fr\/it\/wp-json\/wp\/v2\/types\/product"}],"replies":[{"embeddable":true,"href":"https:\/\/www.caminopoli.fr\/it\/wp-json\/wp\/v2\/comments?post=3094"}],"wp:featuredmedia":[{"embeddable":true,"href":"https:\/\/www.caminopoli.fr\/it\/wp-json\/wp\/v2\/media\/1488"}],"wp:attachment":[{"href":"https:\/\/www.caminopoli.fr\/it\/wp-json\/wp\/v2\/media?parent=3094"}],"wp:term":[{"taxonomy":"product_brand","embeddable":true,"href":"https:\/\/www.caminopoli.fr\/it\/wp-json\/wp\/v2\/product_brand?post=3094"},{"taxonomy":"product_cat","embeddable":true,"href":"https:\/\/www.caminopoli.fr\/it\/wp-json\/wp\/v2\/product_cat?post=3094"},{"taxonomy":"product_tag","embeddable":true,"href":"https:\/\/www.caminopoli.fr\/it\/wp-json\/wp\/v2\/product_tag?post=3094"}],"curies":[{"name":"wp","href":"https:\/\/api.w.org\/{rel}","templated":true}]}}