{"id":3121,"date":"2017-04-20T10:36:32","date_gmt":"2017-04-20T08:36:32","guid":{"rendered":"http:\/\/sviluppo.caminopoli.it\/?post_type=product&#038;p=3121"},"modified":"2025-09-24T12:59:41","modified_gmt":"2025-09-24T10:59:41","slug":"kit-g300-8-k-clam","status":"publish","type":"product","link":"https:\/\/www.caminopoli.fr\/it\/accessori\/kit-g300-8-k-clam","title":{"rendered":"KIt G300-8-K-CLAM"},"content":{"rendered":"<p>Ricambi \u00a0ORIGINALI<br \/>\nCLAM\u00a0 misura\u00a0 25&#215;32<br \/>\nENERGY 75 &#8211; ENERGY 85<\/p>\n<p>Codice Griglia\u00a0\u00a0\u00a0 \u00a0\u00a0\u00a0\u00a005020616<br \/>\nCodice Cornice \u00a0 \u00a0\u00a0\u00a005020615<br \/>\nG738+870AA13<br \/>\nC934+660CO13<\/p>\n","protected":false},"excerpt":{"rendered":"<p>Ricambi \u00a0ORIGINALI CLAM\u00a0 misura\u00a0 25&#215;32 ENERGY 75 &#8211; ENERGY 85 Codice Griglia\u00a0\u00a0\u00a0 \u00a0\u00a0\u00a0\u00a005020616 Codice Cornice \u00a0 \u00a0\u00a0\u00a005020615 G738+870AA13 C934+660CO13<\/p>\n","protected":false},"featured_media":2753,"comment_status":"open","ping_status":"closed","template":"","meta":[],"product_brand":[],"product_cat":[733],"product_tag":[],"class_list":{"0":"post-3121","1":"product","2":"type-product","3":"status-publish","4":"has-post-thumbnail","6":"product_cat-prodotti-nascosti","7":"pa_formato-693","8":"pa_formato-690","9":"pa_formato-25x32","10":"pa_formato-31x38","11":"pa_peso-3-7-2","12":"pa_produttore-689","13":"pa_produttore-686","14":"pa_produttore-clam-16","15":"pa_produttore-clam-15","17":"first","18":"outofstock","19":"taxable","20":"shipping-taxable","21":"purchasable","22":"product-type-simple"},"yoast_head":"<!-- This site is optimized with the Yoast SEO plugin v27.3 - https:\/\/yoast.com\/product\/yoast-seo-wordpress\/ -->\n<title>KIt G300-8-K-CLAM CAMINOPOLI: la citt\u00e0 degli accessori da camino<\/title>\n<meta name=\"description\" content=\"KIt G300-8-K-CLAM CAMINOPOLI: la citt\u00e0 degli accessori da camino. Vendita on-line con possibilit\u00e0 di ricevere tutto comodamente a casa vostra.\" \/>\n<meta name=\"robots\" content=\"index, follow, max-snippet:-1, max-image-preview:large, max-video-preview:-1\" \/>\n<link rel=\"canonical\" href=\"https:\/\/www.caminopoli.fr\/it\/accessori\/kit-g300-8-k-clam\" \/>\n<meta property=\"og:locale\" content=\"it_IT\" \/>\n<meta property=\"og:type\" content=\"article\" \/>\n<meta property=\"og:title\" content=\"KIt G300-8-K-CLAM CAMINOPOLI: la citt\u00e0 degli accessori da camino\" \/>\n<meta property=\"og:description\" content=\"KIt G300-8-K-CLAM CAMINOPOLI: la citt\u00e0 degli accessori da camino. Vendita on-line con possibilit\u00e0 di ricevere tutto comodamente a casa vostra.\" \/>\n<meta property=\"og:url\" content=\"https:\/\/www.caminopoli.fr\/it\/accessori\/kit-g300-8-k-clam\" \/>\n<meta property=\"og:site_name\" content=\"Caminopoli: la citt\u00e0 degli accessori da camino\" \/>\n<meta property=\"article:publisher\" content=\"https:\/\/www.facebook.com\/caminopoli.fuocoamico\/\" \/>\n<meta property=\"article:modified_time\" content=\"2025-09-24T10:59:41+00:00\" \/>\n<meta property=\"og:image\" content=\"https:\/\/www.caminopoli.fr\/wp-content\/uploads\/images\/products\/p-2752-Griglia_con_Cass_5460d5ce64b0d.jpg\" \/>\n\t<meta property=\"og:image:width\" content=\"800\" \/>\n\t<meta property=\"og:image:height\" content=\"531\" \/>\n\t<meta property=\"og:image:type\" content=\"image\/jpeg\" \/>\n<meta name=\"twitter:card\" content=\"summary_large_image\" \/>\n<meta name=\"twitter:label1\" content=\"Tempo di lettura stimato\" \/>\n\t<meta name=\"twitter:data1\" content=\"1 minuto\" \/>\n<script type=\"application\/ld+json\" class=\"yoast-schema-graph\">{\"@context\":\"https:\\\/\\\/schema.org\",\"@graph\":[{\"@type\":\"WebPage\",\"@id\":\"https:\\\/\\\/www.caminopoli.fr\\\/it\\\/accessori\\\/kit-g300-8-k-clam\",\"url\":\"https:\\\/\\\/www.caminopoli.fr\\\/it\\\/accessori\\\/kit-g300-8-k-clam\",\"name\":\"KIt G300-8-K-CLAM CAMINOPOLI: la citt\u00e0 degli accessori da camino\",\"isPartOf\":{\"@id\":\"https:\\\/\\\/www.caminopoli.fr\\\/it#website\"},\"primaryImageOfPage\":{\"@id\":\"https:\\\/\\\/www.caminopoli.fr\\\/it\\\/accessori\\\/kit-g300-8-k-clam#primaryimage\"},\"image\":{\"@id\":\"https:\\\/\\\/www.caminopoli.fr\\\/it\\\/accessori\\\/kit-g300-8-k-clam#primaryimage\"},\"thumbnailUrl\":\"https:\\\/\\\/www.caminopoli.fr\\\/wp-content\\\/uploads\\\/images\\\/products\\\/p-2752-Griglia_con_Cass_5460d5ce64b0d.jpg\",\"datePublished\":\"2017-04-20T08:36:32+00:00\",\"dateModified\":\"2025-09-24T10:59:41+00:00\",\"description\":\"KIt G300-8-K-CLAM CAMINOPOLI: la citt\u00e0 degli accessori da camino. Vendita on-line con possibilit\u00e0 di ricevere tutto comodamente a casa vostra.\",\"breadcrumb\":{\"@id\":\"https:\\\/\\\/www.caminopoli.fr\\\/it\\\/accessori\\\/kit-g300-8-k-clam#breadcrumb\"},\"inLanguage\":\"it-IT\",\"potentialAction\":[{\"@type\":\"ReadAction\",\"target\":[\"https:\\\/\\\/www.caminopoli.fr\\\/it\\\/accessori\\\/kit-g300-8-k-clam\"]}]},{\"@type\":\"ImageObject\",\"inLanguage\":\"it-IT\",\"@id\":\"https:\\\/\\\/www.caminopoli.fr\\\/it\\\/accessori\\\/kit-g300-8-k-clam#primaryimage\",\"url\":\"https:\\\/\\\/www.caminopoli.fr\\\/wp-content\\\/uploads\\\/images\\\/products\\\/p-2752-Griglia_con_Cass_5460d5ce64b0d.jpg\",\"contentUrl\":\"https:\\\/\\\/www.caminopoli.fr\\\/wp-content\\\/uploads\\\/images\\\/products\\\/p-2752-Griglia_con_Cass_5460d5ce64b0d.jpg\",\"width\":800,\"height\":531,\"caption\":\"Griglia con Cassetto e Cornice Cenere G300-8-CLAM\"},{\"@type\":\"BreadcrumbList\",\"@id\":\"https:\\\/\\\/www.caminopoli.fr\\\/it\\\/accessori\\\/kit-g300-8-k-clam#breadcrumb\",\"itemListElement\":[{\"@type\":\"ListItem\",\"position\":1,\"name\":\"Home\",\"item\":\"https:\\\/\\\/www.caminopoli.fr\\\/it\"},{\"@type\":\"ListItem\",\"position\":2,\"name\":\"Attrezzi da Camino\",\"item\":\"https:\\\/\\\/www.caminopoli.fr\\\/attrezzi-da-camino\"},{\"@type\":\"ListItem\",\"position\":3,\"name\":\"KIt G300-8-K-CLAM\"}]},{\"@type\":\"WebSite\",\"@id\":\"https:\\\/\\\/www.caminopoli.fr\\\/it#website\",\"url\":\"https:\\\/\\\/www.caminopoli.fr\\\/it\",\"name\":\"Caminopoli: la citt\u00e0 degli accessori da camino\",\"description\":\"Vendita online accessori da camino\",\"publisher\":{\"@id\":\"https:\\\/\\\/www.caminopoli.fr\\\/it#organization\"},\"potentialAction\":[{\"@type\":\"SearchAction\",\"target\":{\"@type\":\"EntryPoint\",\"urlTemplate\":\"https:\\\/\\\/www.caminopoli.fr\\\/it?s={search_term_string}\"},\"query-input\":{\"@type\":\"PropertyValueSpecification\",\"valueRequired\":true,\"valueName\":\"search_term_string\"}}],\"inLanguage\":\"it-IT\"},{\"@type\":\"Organization\",\"@id\":\"https:\\\/\\\/www.caminopoli.fr\\\/it#organization\",\"name\":\"Caminopoli\",\"url\":\"https:\\\/\\\/www.caminopoli.fr\\\/it\",\"logo\":{\"@type\":\"ImageObject\",\"inLanguage\":\"it-IT\",\"@id\":\"https:\\\/\\\/www.caminopoli.fr\\\/it#\\\/schema\\\/logo\\\/image\\\/\",\"url\":\"http:\\\/\\\/caminopoli.it\\\/wp-content\\\/uploads\\\/2017\\\/05\\\/Caminopoli-store_2.png\",\"contentUrl\":\"http:\\\/\\\/caminopoli.it\\\/wp-content\\\/uploads\\\/2017\\\/05\\\/Caminopoli-store_2.png\",\"width\":267,\"height\":71,\"caption\":\"Caminopoli\"},\"image\":{\"@id\":\"https:\\\/\\\/www.caminopoli.fr\\\/it#\\\/schema\\\/logo\\\/image\\\/\"},\"sameAs\":[\"https:\\\/\\\/www.facebook.com\\\/caminopoli.fuocoamico\\\/\"]}]}<\/script>\n<!-- \/ Yoast SEO plugin. -->","yoast_head_json":{"title":"KIt G300-8-K-CLAM CAMINOPOLI: la citt\u00e0 degli accessori da camino","description":"KIt G300-8-K-CLAM CAMINOPOLI: la citt\u00e0 degli accessori da camino. Vendita on-line con possibilit\u00e0 di ricevere tutto comodamente a casa vostra.","robots":{"index":"index","follow":"follow","max-snippet":"max-snippet:-1","max-image-preview":"max-image-preview:large","max-video-preview":"max-video-preview:-1"},"canonical":"https:\/\/www.caminopoli.fr\/it\/accessori\/kit-g300-8-k-clam","og_locale":"it_IT","og_type":"article","og_title":"KIt G300-8-K-CLAM CAMINOPOLI: la citt\u00e0 degli accessori da camino","og_description":"KIt G300-8-K-CLAM CAMINOPOLI: la citt\u00e0 degli accessori da camino. Vendita on-line con possibilit\u00e0 di ricevere tutto comodamente a casa vostra.","og_url":"https:\/\/www.caminopoli.fr\/it\/accessori\/kit-g300-8-k-clam","og_site_name":"Caminopoli: la citt\u00e0 degli accessori da camino","article_publisher":"https:\/\/www.facebook.com\/caminopoli.fuocoamico\/","article_modified_time":"2025-09-24T10:59:41+00:00","og_image":[{"width":800,"height":531,"url":"https:\/\/www.caminopoli.fr\/wp-content\/uploads\/images\/products\/p-2752-Griglia_con_Cass_5460d5ce64b0d.jpg","type":"image\/jpeg"}],"twitter_card":"summary_large_image","twitter_misc":{"Tempo di lettura stimato":"1 minuto"},"schema":{"@context":"https:\/\/schema.org","@graph":[{"@type":"WebPage","@id":"https:\/\/www.caminopoli.fr\/it\/accessori\/kit-g300-8-k-clam","url":"https:\/\/www.caminopoli.fr\/it\/accessori\/kit-g300-8-k-clam","name":"KIt G300-8-K-CLAM CAMINOPOLI: la citt\u00e0 degli accessori da camino","isPartOf":{"@id":"https:\/\/www.caminopoli.fr\/it#website"},"primaryImageOfPage":{"@id":"https:\/\/www.caminopoli.fr\/it\/accessori\/kit-g300-8-k-clam#primaryimage"},"image":{"@id":"https:\/\/www.caminopoli.fr\/it\/accessori\/kit-g300-8-k-clam#primaryimage"},"thumbnailUrl":"https:\/\/www.caminopoli.fr\/wp-content\/uploads\/images\/products\/p-2752-Griglia_con_Cass_5460d5ce64b0d.jpg","datePublished":"2017-04-20T08:36:32+00:00","dateModified":"2025-09-24T10:59:41+00:00","description":"KIt G300-8-K-CLAM CAMINOPOLI: la citt\u00e0 degli accessori da camino. Vendita on-line con possibilit\u00e0 di ricevere tutto comodamente a casa vostra.","breadcrumb":{"@id":"https:\/\/www.caminopoli.fr\/it\/accessori\/kit-g300-8-k-clam#breadcrumb"},"inLanguage":"it-IT","potentialAction":[{"@type":"ReadAction","target":["https:\/\/www.caminopoli.fr\/it\/accessori\/kit-g300-8-k-clam"]}]},{"@type":"ImageObject","inLanguage":"it-IT","@id":"https:\/\/www.caminopoli.fr\/it\/accessori\/kit-g300-8-k-clam#primaryimage","url":"https:\/\/www.caminopoli.fr\/wp-content\/uploads\/images\/products\/p-2752-Griglia_con_Cass_5460d5ce64b0d.jpg","contentUrl":"https:\/\/www.caminopoli.fr\/wp-content\/uploads\/images\/products\/p-2752-Griglia_con_Cass_5460d5ce64b0d.jpg","width":800,"height":531,"caption":"Griglia con Cassetto e Cornice Cenere G300-8-CLAM"},{"@type":"BreadcrumbList","@id":"https:\/\/www.caminopoli.fr\/it\/accessori\/kit-g300-8-k-clam#breadcrumb","itemListElement":[{"@type":"ListItem","position":1,"name":"Home","item":"https:\/\/www.caminopoli.fr\/it"},{"@type":"ListItem","position":2,"name":"Attrezzi da Camino","item":"https:\/\/www.caminopoli.fr\/attrezzi-da-camino"},{"@type":"ListItem","position":3,"name":"KIt G300-8-K-CLAM"}]},{"@type":"WebSite","@id":"https:\/\/www.caminopoli.fr\/it#website","url":"https:\/\/www.caminopoli.fr\/it","name":"Caminopoli: la citt\u00e0 degli accessori da camino","description":"Vendita online accessori da camino","publisher":{"@id":"https:\/\/www.caminopoli.fr\/it#organization"},"potentialAction":[{"@type":"SearchAction","target":{"@type":"EntryPoint","urlTemplate":"https:\/\/www.caminopoli.fr\/it?s={search_term_string}"},"query-input":{"@type":"PropertyValueSpecification","valueRequired":true,"valueName":"search_term_string"}}],"inLanguage":"it-IT"},{"@type":"Organization","@id":"https:\/\/www.caminopoli.fr\/it#organization","name":"Caminopoli","url":"https:\/\/www.caminopoli.fr\/it","logo":{"@type":"ImageObject","inLanguage":"it-IT","@id":"https:\/\/www.caminopoli.fr\/it#\/schema\/logo\/image\/","url":"http:\/\/caminopoli.it\/wp-content\/uploads\/2017\/05\/Caminopoli-store_2.png","contentUrl":"http:\/\/caminopoli.it\/wp-content\/uploads\/2017\/05\/Caminopoli-store_2.png","width":267,"height":71,"caption":"Caminopoli"},"image":{"@id":"https:\/\/www.caminopoli.fr\/it#\/schema\/logo\/image\/"},"sameAs":["https:\/\/www.facebook.com\/caminopoli.fuocoamico\/"]}]}},"_links":{"self":[{"href":"https:\/\/www.caminopoli.fr\/it\/wp-json\/wp\/v2\/product\/3121","targetHints":{"allow":["GET"]}}],"collection":[{"href":"https:\/\/www.caminopoli.fr\/it\/wp-json\/wp\/v2\/product"}],"about":[{"href":"https:\/\/www.caminopoli.fr\/it\/wp-json\/wp\/v2\/types\/product"}],"replies":[{"embeddable":true,"href":"https:\/\/www.caminopoli.fr\/it\/wp-json\/wp\/v2\/comments?post=3121"}],"wp:featuredmedia":[{"embeddable":true,"href":"https:\/\/www.caminopoli.fr\/it\/wp-json\/wp\/v2\/media\/2753"}],"wp:attachment":[{"href":"https:\/\/www.caminopoli.fr\/it\/wp-json\/wp\/v2\/media?parent=3121"}],"wp:term":[{"taxonomy":"product_brand","embeddable":true,"href":"https:\/\/www.caminopoli.fr\/it\/wp-json\/wp\/v2\/product_brand?post=3121"},{"taxonomy":"product_cat","embeddable":true,"href":"https:\/\/www.caminopoli.fr\/it\/wp-json\/wp\/v2\/product_cat?post=3121"},{"taxonomy":"product_tag","embeddable":true,"href":"https:\/\/www.caminopoli.fr\/it\/wp-json\/wp\/v2\/product_tag?post=3121"}],"curies":[{"name":"wp","href":"https:\/\/api.w.org\/{rel}","templated":true}]}}