{"id":7675,"date":"2021-03-12T08:46:07","date_gmt":"2021-03-12T07:46:07","guid":{"rendered":"https:\/\/www.caminopoli.fr\/?post_type=product&#038;p=7675"},"modified":"2025-09-24T12:17:11","modified_gmt":"2025-09-24T10:17:11","slug":"griglie-cottura-g501","status":"publish","type":"product","link":"https:\/\/www.caminopoli.fr\/it\/accessori\/griglie-cottura-g501","title":{"rendered":"Griglie da Cottura in Ghisa Smaltata G501"},"content":{"rendered":"<p>&nbsp;<\/p>\n<p>Griglie in Ghisa Smaltata per la cottura dei cibi.<\/p>\n<p>Griglie Universali per il Barbecue e non solo.<\/p>\n<p>Ami i segni della cottura sulla carne ? Bh\u00e8 allora questa \u00e8 un must e non potrai farne a meno.<\/p>\n<p>Non importa se prepari Carne, Pesce o Verdure perch\u00e8 con queste Griglie otterrai piatti risultati speciali con l&#8217;inconfondibile marchio della griglia.<\/p>\n<p>Facili da pulire e Belle da vedere, le potrai usare sulla Brace o sul Gas ed il risultato rester\u00e0 vincente.<\/p>\n<p>Scegli la tua misura e ricorda che potrai anche decidere di gemellare pi\u00f9 griglie per ottenere superfici pi\u00f9 ampie.<\/p>\n<p>Ghisa smaltata con idoneit\u00e0 alimentare.<\/p>\n","protected":false},"excerpt":{"rendered":"<p>&nbsp;<\/p>\n<p>&nbsp;<\/p>\n<p>Griglie in Ghisa Smaltata per la cottura dei cibi.<\/p>\n<p>Griglie Universali per il Barbecue e non solo.<\/p>\n<p>Ami i segni della cottura sulla carne ? Bh\u00e8 allora questa \u00e8 un must e non potrai farne a meno.<\/p>\n<p>Non importa se prepari Carne, Pesce o Verdure perch\u00e8 con queste Griglie otterrai piatti risultati speciali con l&#8217;inconfondibile marchio della griglia.<\/p>\n<p>Facili da pulire e Belle da vedere, le potrai usare sulla Brace o sul Gas ed il risultato rester\u00e0 vincente.<\/p>\n<p>Scegli la tua misura e ricorda che potrai anche decidere di gemellare pi\u00f9 griglie per ottenere superfici pi\u00f9 ampie.<\/p>\n<p>Ghisa smaltata con idoneit\u00e0 alimentare.<\/p>\n<p>&nbsp;<\/p>\n","protected":false},"featured_media":7733,"comment_status":"open","ping_status":"closed","template":"","meta":[],"product_brand":[],"product_cat":[89,737],"product_tag":[],"class_list":{"0":"post-7675","1":"product","2":"type-product","3":"status-publish","4":"has-post-thumbnail","6":"product_cat-griglie-da-cottura","7":"product_cat-griglie-in-ghisa","9":"first","10":"instock","11":"taxable","12":"shipping-taxable","13":"product-type-grouped"},"yoast_head":"<!-- This site is optimized with the Yoast SEO plugin v27.3 - https:\/\/yoast.com\/product\/yoast-seo-wordpress\/ -->\n<title>Griglie da Cottura in Ghisa Smaltata G501 - Caminopoli: la citt\u00e0 degli accessori da camino<\/title>\n<meta name=\"robots\" content=\"index, follow, max-snippet:-1, max-image-preview:large, max-video-preview:-1\" \/>\n<link rel=\"canonical\" href=\"https:\/\/www.caminopoli.fr\/it\/accessori\/griglie-cottura-g501\" \/>\n<meta property=\"og:locale\" content=\"it_IT\" \/>\n<meta property=\"og:type\" content=\"article\" \/>\n<meta property=\"og:title\" content=\"Griglie da Cottura in Ghisa Smaltata G501 - Caminopoli: la citt\u00e0 degli accessori da camino\" \/>\n<meta property=\"og:description\" content=\"&nbsp;  &nbsp;  Griglie in Ghisa Smaltata per la cottura dei cibi.  Griglie Universali per il Barbecue e non solo.  Ami i segni della cottura sulla carne ? Bh\u00e8 allora questa \u00e8 un must e non potrai farne a meno.  Non importa se prepari Carne, Pesce o Verdure perch\u00e8 con queste Griglie otterrai piatti risultati speciali con l&#039;inconfondibile marchio della griglia.  Facili da pulire e Belle da vedere, le potrai usare sulla Brace o sul Gas ed il risultato rester\u00e0 vincente.  Scegli la tua misura e ricorda che potrai anche decidere di gemellare pi\u00f9 griglie per ottenere superfici pi\u00f9 ampie.  Ghisa smaltata con idoneit\u00e0 alimentare.  &nbsp;\" \/>\n<meta property=\"og:url\" content=\"https:\/\/www.caminopoli.fr\/it\/accessori\/griglie-cottura-g501\" \/>\n<meta property=\"og:site_name\" content=\"Caminopoli: la citt\u00e0 degli accessori da camino\" \/>\n<meta property=\"article:publisher\" content=\"https:\/\/www.facebook.com\/caminopoli.fuocoamico\/\" \/>\n<meta property=\"article:modified_time\" content=\"2025-09-24T10:17:11+00:00\" \/>\n<meta property=\"og:image\" content=\"https:\/\/www.caminopoli.fr\/wp-content\/uploads\/2021\/03\/Griglia-Barbecue-su-misura-G501.jpg\" \/>\n\t<meta property=\"og:image:width\" content=\"801\" \/>\n\t<meta property=\"og:image:height\" content=\"628\" \/>\n\t<meta property=\"og:image:type\" content=\"image\/jpeg\" \/>\n<meta name=\"twitter:card\" content=\"summary_large_image\" \/>\n<meta name=\"twitter:label1\" content=\"Tempo di lettura stimato\" \/>\n\t<meta name=\"twitter:data1\" content=\"1 minuto\" \/>\n<script type=\"application\/ld+json\" class=\"yoast-schema-graph\">{\"@context\":\"https:\\\/\\\/schema.org\",\"@graph\":[{\"@type\":\"WebPage\",\"@id\":\"https:\\\/\\\/www.caminopoli.fr\\\/it\\\/accessori\\\/griglie-cottura-g501\",\"url\":\"https:\\\/\\\/www.caminopoli.fr\\\/it\\\/accessori\\\/griglie-cottura-g501\",\"name\":\"Griglie da Cottura in Ghisa Smaltata G501 - Caminopoli: la citt\u00e0 degli accessori da camino\",\"isPartOf\":{\"@id\":\"https:\\\/\\\/www.caminopoli.fr\\\/it#website\"},\"primaryImageOfPage\":{\"@id\":\"https:\\\/\\\/www.caminopoli.fr\\\/it\\\/accessori\\\/griglie-cottura-g501#primaryimage\"},\"image\":{\"@id\":\"https:\\\/\\\/www.caminopoli.fr\\\/it\\\/accessori\\\/griglie-cottura-g501#primaryimage\"},\"thumbnailUrl\":\"https:\\\/\\\/www.caminopoli.fr\\\/wp-content\\\/uploads\\\/2021\\\/03\\\/Griglia-Barbecue-su-misura-G501.jpg\",\"datePublished\":\"2021-03-12T07:46:07+00:00\",\"dateModified\":\"2025-09-24T10:17:11+00:00\",\"breadcrumb\":{\"@id\":\"https:\\\/\\\/www.caminopoli.fr\\\/it\\\/accessori\\\/griglie-cottura-g501#breadcrumb\"},\"inLanguage\":\"it-IT\",\"potentialAction\":[{\"@type\":\"ReadAction\",\"target\":[\"https:\\\/\\\/www.caminopoli.fr\\\/it\\\/accessori\\\/griglie-cottura-g501\"]}]},{\"@type\":\"ImageObject\",\"inLanguage\":\"it-IT\",\"@id\":\"https:\\\/\\\/www.caminopoli.fr\\\/it\\\/accessori\\\/griglie-cottura-g501#primaryimage\",\"url\":\"https:\\\/\\\/www.caminopoli.fr\\\/wp-content\\\/uploads\\\/2021\\\/03\\\/Griglia-Barbecue-su-misura-G501.jpg\",\"contentUrl\":\"https:\\\/\\\/www.caminopoli.fr\\\/wp-content\\\/uploads\\\/2021\\\/03\\\/Griglia-Barbecue-su-misura-G501.jpg\",\"width\":801,\"height\":628},{\"@type\":\"BreadcrumbList\",\"@id\":\"https:\\\/\\\/www.caminopoli.fr\\\/it\\\/accessori\\\/griglie-cottura-g501#breadcrumb\",\"itemListElement\":[{\"@type\":\"ListItem\",\"position\":1,\"name\":\"Home\",\"item\":\"https:\\\/\\\/www.caminopoli.fr\\\/it\"},{\"@type\":\"ListItem\",\"position\":2,\"name\":\"Attrezzi da Camino\",\"item\":\"https:\\\/\\\/www.caminopoli.fr\\\/attrezzi-da-camino\"},{\"@type\":\"ListItem\",\"position\":3,\"name\":\"Griglie da Cottura in Ghisa Smaltata G501\"}]},{\"@type\":\"WebSite\",\"@id\":\"https:\\\/\\\/www.caminopoli.fr\\\/it#website\",\"url\":\"https:\\\/\\\/www.caminopoli.fr\\\/it\",\"name\":\"Caminopoli: la citt\u00e0 degli accessori da camino\",\"description\":\"Vendita online accessori da camino\",\"publisher\":{\"@id\":\"https:\\\/\\\/www.caminopoli.fr\\\/it#organization\"},\"potentialAction\":[{\"@type\":\"SearchAction\",\"target\":{\"@type\":\"EntryPoint\",\"urlTemplate\":\"https:\\\/\\\/www.caminopoli.fr\\\/it?s={search_term_string}\"},\"query-input\":{\"@type\":\"PropertyValueSpecification\",\"valueRequired\":true,\"valueName\":\"search_term_string\"}}],\"inLanguage\":\"it-IT\"},{\"@type\":\"Organization\",\"@id\":\"https:\\\/\\\/www.caminopoli.fr\\\/it#organization\",\"name\":\"Caminopoli\",\"url\":\"https:\\\/\\\/www.caminopoli.fr\\\/it\",\"logo\":{\"@type\":\"ImageObject\",\"inLanguage\":\"it-IT\",\"@id\":\"https:\\\/\\\/www.caminopoli.fr\\\/it#\\\/schema\\\/logo\\\/image\\\/\",\"url\":\"http:\\\/\\\/caminopoli.it\\\/wp-content\\\/uploads\\\/2017\\\/05\\\/Caminopoli-store_2.png\",\"contentUrl\":\"http:\\\/\\\/caminopoli.it\\\/wp-content\\\/uploads\\\/2017\\\/05\\\/Caminopoli-store_2.png\",\"width\":267,\"height\":71,\"caption\":\"Caminopoli\"},\"image\":{\"@id\":\"https:\\\/\\\/www.caminopoli.fr\\\/it#\\\/schema\\\/logo\\\/image\\\/\"},\"sameAs\":[\"https:\\\/\\\/www.facebook.com\\\/caminopoli.fuocoamico\\\/\"]}]}<\/script>\n<!-- \/ Yoast SEO plugin. -->","yoast_head_json":{"title":"Griglie da Cottura in Ghisa Smaltata G501 - Caminopoli: la citt\u00e0 degli accessori da camino","robots":{"index":"index","follow":"follow","max-snippet":"max-snippet:-1","max-image-preview":"max-image-preview:large","max-video-preview":"max-video-preview:-1"},"canonical":"https:\/\/www.caminopoli.fr\/it\/accessori\/griglie-cottura-g501","og_locale":"it_IT","og_type":"article","og_title":"Griglie da Cottura in Ghisa Smaltata G501 - Caminopoli: la citt\u00e0 degli accessori da camino","og_description":"&nbsp;  &nbsp;  Griglie in Ghisa Smaltata per la cottura dei cibi.  Griglie Universali per il Barbecue e non solo.  Ami i segni della cottura sulla carne ? Bh\u00e8 allora questa \u00e8 un must e non potrai farne a meno.  Non importa se prepari Carne, Pesce o Verdure perch\u00e8 con queste Griglie otterrai piatti risultati speciali con l'inconfondibile marchio della griglia.  Facili da pulire e Belle da vedere, le potrai usare sulla Brace o sul Gas ed il risultato rester\u00e0 vincente.  Scegli la tua misura e ricorda che potrai anche decidere di gemellare pi\u00f9 griglie per ottenere superfici pi\u00f9 ampie.  Ghisa smaltata con idoneit\u00e0 alimentare.  &nbsp;","og_url":"https:\/\/www.caminopoli.fr\/it\/accessori\/griglie-cottura-g501","og_site_name":"Caminopoli: la citt\u00e0 degli accessori da camino","article_publisher":"https:\/\/www.facebook.com\/caminopoli.fuocoamico\/","article_modified_time":"2025-09-24T10:17:11+00:00","og_image":[{"width":801,"height":628,"url":"https:\/\/www.caminopoli.fr\/wp-content\/uploads\/2021\/03\/Griglia-Barbecue-su-misura-G501.jpg","type":"image\/jpeg"}],"twitter_card":"summary_large_image","twitter_misc":{"Tempo di lettura stimato":"1 minuto"},"schema":{"@context":"https:\/\/schema.org","@graph":[{"@type":"WebPage","@id":"https:\/\/www.caminopoli.fr\/it\/accessori\/griglie-cottura-g501","url":"https:\/\/www.caminopoli.fr\/it\/accessori\/griglie-cottura-g501","name":"Griglie da Cottura in Ghisa Smaltata G501 - Caminopoli: la citt\u00e0 degli accessori da camino","isPartOf":{"@id":"https:\/\/www.caminopoli.fr\/it#website"},"primaryImageOfPage":{"@id":"https:\/\/www.caminopoli.fr\/it\/accessori\/griglie-cottura-g501#primaryimage"},"image":{"@id":"https:\/\/www.caminopoli.fr\/it\/accessori\/griglie-cottura-g501#primaryimage"},"thumbnailUrl":"https:\/\/www.caminopoli.fr\/wp-content\/uploads\/2021\/03\/Griglia-Barbecue-su-misura-G501.jpg","datePublished":"2021-03-12T07:46:07+00:00","dateModified":"2025-09-24T10:17:11+00:00","breadcrumb":{"@id":"https:\/\/www.caminopoli.fr\/it\/accessori\/griglie-cottura-g501#breadcrumb"},"inLanguage":"it-IT","potentialAction":[{"@type":"ReadAction","target":["https:\/\/www.caminopoli.fr\/it\/accessori\/griglie-cottura-g501"]}]},{"@type":"ImageObject","inLanguage":"it-IT","@id":"https:\/\/www.caminopoli.fr\/it\/accessori\/griglie-cottura-g501#primaryimage","url":"https:\/\/www.caminopoli.fr\/wp-content\/uploads\/2021\/03\/Griglia-Barbecue-su-misura-G501.jpg","contentUrl":"https:\/\/www.caminopoli.fr\/wp-content\/uploads\/2021\/03\/Griglia-Barbecue-su-misura-G501.jpg","width":801,"height":628},{"@type":"BreadcrumbList","@id":"https:\/\/www.caminopoli.fr\/it\/accessori\/griglie-cottura-g501#breadcrumb","itemListElement":[{"@type":"ListItem","position":1,"name":"Home","item":"https:\/\/www.caminopoli.fr\/it"},{"@type":"ListItem","position":2,"name":"Attrezzi da Camino","item":"https:\/\/www.caminopoli.fr\/attrezzi-da-camino"},{"@type":"ListItem","position":3,"name":"Griglie da Cottura in Ghisa Smaltata G501"}]},{"@type":"WebSite","@id":"https:\/\/www.caminopoli.fr\/it#website","url":"https:\/\/www.caminopoli.fr\/it","name":"Caminopoli: la citt\u00e0 degli accessori da camino","description":"Vendita online accessori da camino","publisher":{"@id":"https:\/\/www.caminopoli.fr\/it#organization"},"potentialAction":[{"@type":"SearchAction","target":{"@type":"EntryPoint","urlTemplate":"https:\/\/www.caminopoli.fr\/it?s={search_term_string}"},"query-input":{"@type":"PropertyValueSpecification","valueRequired":true,"valueName":"search_term_string"}}],"inLanguage":"it-IT"},{"@type":"Organization","@id":"https:\/\/www.caminopoli.fr\/it#organization","name":"Caminopoli","url":"https:\/\/www.caminopoli.fr\/it","logo":{"@type":"ImageObject","inLanguage":"it-IT","@id":"https:\/\/www.caminopoli.fr\/it#\/schema\/logo\/image\/","url":"http:\/\/caminopoli.it\/wp-content\/uploads\/2017\/05\/Caminopoli-store_2.png","contentUrl":"http:\/\/caminopoli.it\/wp-content\/uploads\/2017\/05\/Caminopoli-store_2.png","width":267,"height":71,"caption":"Caminopoli"},"image":{"@id":"https:\/\/www.caminopoli.fr\/it#\/schema\/logo\/image\/"},"sameAs":["https:\/\/www.facebook.com\/caminopoli.fuocoamico\/"]}]}},"_links":{"self":[{"href":"https:\/\/www.caminopoli.fr\/it\/wp-json\/wp\/v2\/product\/7675","targetHints":{"allow":["GET"]}}],"collection":[{"href":"https:\/\/www.caminopoli.fr\/it\/wp-json\/wp\/v2\/product"}],"about":[{"href":"https:\/\/www.caminopoli.fr\/it\/wp-json\/wp\/v2\/types\/product"}],"replies":[{"embeddable":true,"href":"https:\/\/www.caminopoli.fr\/it\/wp-json\/wp\/v2\/comments?post=7675"}],"wp:featuredmedia":[{"embeddable":true,"href":"https:\/\/www.caminopoli.fr\/it\/wp-json\/wp\/v2\/media\/7733"}],"wp:attachment":[{"href":"https:\/\/www.caminopoli.fr\/it\/wp-json\/wp\/v2\/media?parent=7675"}],"wp:term":[{"taxonomy":"product_brand","embeddable":true,"href":"https:\/\/www.caminopoli.fr\/it\/wp-json\/wp\/v2\/product_brand?post=7675"},{"taxonomy":"product_cat","embeddable":true,"href":"https:\/\/www.caminopoli.fr\/it\/wp-json\/wp\/v2\/product_cat?post=7675"},{"taxonomy":"product_tag","embeddable":true,"href":"https:\/\/www.caminopoli.fr\/it\/wp-json\/wp\/v2\/product_tag?post=7675"}],"curies":[{"name":"wp","href":"https:\/\/api.w.org\/{rel}","templated":true}]}}