{"id":7682,"date":"2021-03-12T08:45:09","date_gmt":"2021-03-12T07:45:09","guid":{"rendered":"https:\/\/www.caminopoli.fr\/?post_type=product&#038;p=7682"},"modified":"2025-09-24T12:17:11","modified_gmt":"2025-09-24T10:17:11","slug":"griglia-da-cottura-g501-5-mis-34-x-54","status":"publish","type":"product","link":"https:\/\/www.caminopoli.fr\/it\/accessori\/griglia-da-cottura-g501-5-mis-34-x-54","title":{"rendered":"Griglia da Cottura G501-5 Mis 34 X 54"},"content":{"rendered":"<p>&nbsp;<\/p>\n<p>Griglia in Ghisa Smaltata per la cottura dei cibi.<\/p>\n<p>Griglia Universale per il Barbecue e non solo.<\/p>\n<p>Ami i segni della cottura sulla carne ? Bh\u00e8 allora questa \u00e8 un must e non potrai farne a meno.<\/p>\n<p>Non importa se prepari Carne, Pesce o Verdure perch\u00e8 con questa Griglia otterrai risultati speciali con l&#8217;inconfondibile marchio della griglia.<\/p>\n<p>Facile da pulire e Bella da vedere, la potrai usare sulla Brace o sul Gas ed il risultato rester\u00e0 vincente.<\/p>\n<p>Scegli la tua misura e ricorda che potrai anche decidere di gemellare pi\u00f9 griglie per ottenere superfici pi\u00f9 ampie.<\/p>\n<p>Ghisa smaltata con idoneit\u00e0 alimentare.<\/p>\n<p>Misura 34 X 54<\/p>\n<p>AM839+950AA21<\/p>\n<p>AM840+990AA24<\/p>\n<p>&nbsp;<\/p>\n","protected":false},"excerpt":{"rendered":"<p>&nbsp;<\/p>\n<p>Griglia in Ghisa Smaltata per la cottura dei cibi.<\/p>\n<p>Griglia Universale per il Barbecue e non solo.<\/p>\n<p>Ami i segni della cottura sulla carne ? Bh\u00e8 allora questa \u00e8 un must e non potrai farne a meno.<\/p>\n<p>Non importa se prepari Carne, Pesce o Verdure perch\u00e8 con questa Griglia otterrai risultati speciali con l&#8217;inconfondibile marchio della griglia.<\/p>\n<p>Facile da pulire e Bella da vedere, la potrai usare sulla Brace o sul Gas ed il risultato rester\u00e0 vincente.<\/p>\n<p>Scegli la tua misura e ricorda che potrai anche decidere di gemellare pi\u00f9 griglie per ottenere superfici pi\u00f9 ampie.<\/p>\n<p>Ghisa smaltata con idoneit\u00e0 alimentare.<\/p>\n<p>Misura <strong>34<\/strong> X <strong>54<\/strong><\/p>\n<p>Peso <strong>5,8<\/strong> Kg<\/p>\n<p>Spessore <strong>9<\/strong> mm<\/p>\n<p>&nbsp;<\/p>\n","protected":false},"featured_media":7718,"comment_status":"open","ping_status":"closed","template":"","meta":[],"product_brand":[],"product_cat":[735],"product_tag":[],"class_list":{"0":"post-7682","1":"product","2":"type-product","3":"status-publish","4":"has-post-thumbnail","6":"product_cat-griglie","8":"first","9":"instock","10":"taxable","11":"shipping-taxable","12":"purchasable","13":"product-type-simple"},"yoast_head":"<!-- This site is optimized with the Yoast SEO plugin v27.3 - https:\/\/yoast.com\/product\/yoast-seo-wordpress\/ -->\n<title>Griglia da Cottura G501-5 Mis 34 X 54 - Caminopoli: la citt\u00e0 degli accessori da camino<\/title>\n<meta name=\"robots\" content=\"index, follow, max-snippet:-1, max-image-preview:large, max-video-preview:-1\" \/>\n<link rel=\"canonical\" href=\"https:\/\/www.caminopoli.fr\/it\/accessori\/griglia-da-cottura-g501-5-mis-34-x-54\" \/>\n<meta property=\"og:locale\" content=\"it_IT\" \/>\n<meta property=\"og:type\" content=\"article\" \/>\n<meta property=\"og:title\" content=\"Griglia da Cottura G501-5 Mis 34 X 54 - Caminopoli: la citt\u00e0 degli accessori da camino\" \/>\n<meta property=\"og:description\" content=\"&nbsp;  Griglia in Ghisa Smaltata per la cottura dei cibi.  Griglia Universale per il Barbecue e non solo.  Ami i segni della cottura sulla carne ? Bh\u00e8 allora questa \u00e8 un must e non potrai farne a meno.  Non importa se prepari Carne, Pesce o Verdure perch\u00e8 con questa Griglia otterrai risultati speciali con l&#039;inconfondibile marchio della griglia.  Facile da pulire e Bella da vedere, la potrai usare sulla Brace o sul Gas ed il risultato rester\u00e0 vincente.  Scegli la tua misura e ricorda che potrai anche decidere di gemellare pi\u00f9 griglie per ottenere superfici pi\u00f9 ampie.  Ghisa smaltata con idoneit\u00e0 alimentare.  Misura 34 X 54  Peso 5,8 Kg  Spessore 9 mm  &nbsp;\" \/>\n<meta property=\"og:url\" content=\"https:\/\/www.caminopoli.fr\/it\/accessori\/griglia-da-cottura-g501-5-mis-34-x-54\" \/>\n<meta property=\"og:site_name\" content=\"Caminopoli: la citt\u00e0 degli accessori da camino\" \/>\n<meta property=\"article:publisher\" content=\"https:\/\/www.facebook.com\/caminopoli.fuocoamico\/\" \/>\n<meta property=\"article:modified_time\" content=\"2025-09-24T10:17:11+00:00\" \/>\n<meta property=\"og:image\" content=\"https:\/\/www.caminopoli.fr\/wp-content\/uploads\/2021\/03\/Griglia-Barbecue-G501-34X54.jpg\" \/>\n\t<meta property=\"og:image:width\" content=\"801\" \/>\n\t<meta property=\"og:image:height\" content=\"628\" \/>\n\t<meta property=\"og:image:type\" content=\"image\/jpeg\" \/>\n<meta name=\"twitter:card\" content=\"summary_large_image\" \/>\n<meta name=\"twitter:label1\" content=\"Tempo di lettura stimato\" \/>\n\t<meta name=\"twitter:data1\" content=\"1 minuto\" \/>\n<script type=\"application\/ld+json\" class=\"yoast-schema-graph\">{\"@context\":\"https:\\\/\\\/schema.org\",\"@graph\":[{\"@type\":\"WebPage\",\"@id\":\"https:\\\/\\\/www.caminopoli.fr\\\/it\\\/accessori\\\/griglia-da-cottura-g501-5-mis-34-x-54\",\"url\":\"https:\\\/\\\/www.caminopoli.fr\\\/it\\\/accessori\\\/griglia-da-cottura-g501-5-mis-34-x-54\",\"name\":\"Griglia da Cottura G501-5 Mis 34 X 54 - Caminopoli: la citt\u00e0 degli accessori da camino\",\"isPartOf\":{\"@id\":\"https:\\\/\\\/www.caminopoli.fr\\\/it#website\"},\"primaryImageOfPage\":{\"@id\":\"https:\\\/\\\/www.caminopoli.fr\\\/it\\\/accessori\\\/griglia-da-cottura-g501-5-mis-34-x-54#primaryimage\"},\"image\":{\"@id\":\"https:\\\/\\\/www.caminopoli.fr\\\/it\\\/accessori\\\/griglia-da-cottura-g501-5-mis-34-x-54#primaryimage\"},\"thumbnailUrl\":\"https:\\\/\\\/www.caminopoli.fr\\\/wp-content\\\/uploads\\\/2021\\\/03\\\/Griglia-Barbecue-G501-34X54.jpg\",\"datePublished\":\"2021-03-12T07:45:09+00:00\",\"dateModified\":\"2025-09-24T10:17:11+00:00\",\"breadcrumb\":{\"@id\":\"https:\\\/\\\/www.caminopoli.fr\\\/it\\\/accessori\\\/griglia-da-cottura-g501-5-mis-34-x-54#breadcrumb\"},\"inLanguage\":\"it-IT\",\"potentialAction\":[{\"@type\":\"ReadAction\",\"target\":[\"https:\\\/\\\/www.caminopoli.fr\\\/it\\\/accessori\\\/griglia-da-cottura-g501-5-mis-34-x-54\"]}]},{\"@type\":\"ImageObject\",\"inLanguage\":\"it-IT\",\"@id\":\"https:\\\/\\\/www.caminopoli.fr\\\/it\\\/accessori\\\/griglia-da-cottura-g501-5-mis-34-x-54#primaryimage\",\"url\":\"https:\\\/\\\/www.caminopoli.fr\\\/wp-content\\\/uploads\\\/2021\\\/03\\\/Griglia-Barbecue-G501-34X54.jpg\",\"contentUrl\":\"https:\\\/\\\/www.caminopoli.fr\\\/wp-content\\\/uploads\\\/2021\\\/03\\\/Griglia-Barbecue-G501-34X54.jpg\",\"width\":801,\"height\":628},{\"@type\":\"BreadcrumbList\",\"@id\":\"https:\\\/\\\/www.caminopoli.fr\\\/it\\\/accessori\\\/griglia-da-cottura-g501-5-mis-34-x-54#breadcrumb\",\"itemListElement\":[{\"@type\":\"ListItem\",\"position\":1,\"name\":\"Home\",\"item\":\"https:\\\/\\\/www.caminopoli.fr\\\/it\"},{\"@type\":\"ListItem\",\"position\":2,\"name\":\"Attrezzi da Camino\",\"item\":\"https:\\\/\\\/www.caminopoli.fr\\\/attrezzi-da-camino\"},{\"@type\":\"ListItem\",\"position\":3,\"name\":\"Griglia da Cottura G501-5 Mis 34 X 54\"}]},{\"@type\":\"WebSite\",\"@id\":\"https:\\\/\\\/www.caminopoli.fr\\\/it#website\",\"url\":\"https:\\\/\\\/www.caminopoli.fr\\\/it\",\"name\":\"Caminopoli: la citt\u00e0 degli accessori da camino\",\"description\":\"Vendita online accessori da camino\",\"publisher\":{\"@id\":\"https:\\\/\\\/www.caminopoli.fr\\\/it#organization\"},\"potentialAction\":[{\"@type\":\"SearchAction\",\"target\":{\"@type\":\"EntryPoint\",\"urlTemplate\":\"https:\\\/\\\/www.caminopoli.fr\\\/it?s={search_term_string}\"},\"query-input\":{\"@type\":\"PropertyValueSpecification\",\"valueRequired\":true,\"valueName\":\"search_term_string\"}}],\"inLanguage\":\"it-IT\"},{\"@type\":\"Organization\",\"@id\":\"https:\\\/\\\/www.caminopoli.fr\\\/it#organization\",\"name\":\"Caminopoli\",\"url\":\"https:\\\/\\\/www.caminopoli.fr\\\/it\",\"logo\":{\"@type\":\"ImageObject\",\"inLanguage\":\"it-IT\",\"@id\":\"https:\\\/\\\/www.caminopoli.fr\\\/it#\\\/schema\\\/logo\\\/image\\\/\",\"url\":\"http:\\\/\\\/caminopoli.it\\\/wp-content\\\/uploads\\\/2017\\\/05\\\/Caminopoli-store_2.png\",\"contentUrl\":\"http:\\\/\\\/caminopoli.it\\\/wp-content\\\/uploads\\\/2017\\\/05\\\/Caminopoli-store_2.png\",\"width\":267,\"height\":71,\"caption\":\"Caminopoli\"},\"image\":{\"@id\":\"https:\\\/\\\/www.caminopoli.fr\\\/it#\\\/schema\\\/logo\\\/image\\\/\"},\"sameAs\":[\"https:\\\/\\\/www.facebook.com\\\/caminopoli.fuocoamico\\\/\"]}]}<\/script>\n<!-- \/ Yoast SEO plugin. -->","yoast_head_json":{"title":"Griglia da Cottura G501-5 Mis 34 X 54 - Caminopoli: la citt\u00e0 degli accessori da camino","robots":{"index":"index","follow":"follow","max-snippet":"max-snippet:-1","max-image-preview":"max-image-preview:large","max-video-preview":"max-video-preview:-1"},"canonical":"https:\/\/www.caminopoli.fr\/it\/accessori\/griglia-da-cottura-g501-5-mis-34-x-54","og_locale":"it_IT","og_type":"article","og_title":"Griglia da Cottura G501-5 Mis 34 X 54 - Caminopoli: la citt\u00e0 degli accessori da camino","og_description":"&nbsp;  Griglia in Ghisa Smaltata per la cottura dei cibi.  Griglia Universale per il Barbecue e non solo.  Ami i segni della cottura sulla carne ? Bh\u00e8 allora questa \u00e8 un must e non potrai farne a meno.  Non importa se prepari Carne, Pesce o Verdure perch\u00e8 con questa Griglia otterrai risultati speciali con l'inconfondibile marchio della griglia.  Facile da pulire e Bella da vedere, la potrai usare sulla Brace o sul Gas ed il risultato rester\u00e0 vincente.  Scegli la tua misura e ricorda che potrai anche decidere di gemellare pi\u00f9 griglie per ottenere superfici pi\u00f9 ampie.  Ghisa smaltata con idoneit\u00e0 alimentare.  Misura 34 X 54  Peso 5,8 Kg  Spessore 9 mm  &nbsp;","og_url":"https:\/\/www.caminopoli.fr\/it\/accessori\/griglia-da-cottura-g501-5-mis-34-x-54","og_site_name":"Caminopoli: la citt\u00e0 degli accessori da camino","article_publisher":"https:\/\/www.facebook.com\/caminopoli.fuocoamico\/","article_modified_time":"2025-09-24T10:17:11+00:00","og_image":[{"width":801,"height":628,"url":"https:\/\/www.caminopoli.fr\/wp-content\/uploads\/2021\/03\/Griglia-Barbecue-G501-34X54.jpg","type":"image\/jpeg"}],"twitter_card":"summary_large_image","twitter_misc":{"Tempo di lettura stimato":"1 minuto"},"schema":{"@context":"https:\/\/schema.org","@graph":[{"@type":"WebPage","@id":"https:\/\/www.caminopoli.fr\/it\/accessori\/griglia-da-cottura-g501-5-mis-34-x-54","url":"https:\/\/www.caminopoli.fr\/it\/accessori\/griglia-da-cottura-g501-5-mis-34-x-54","name":"Griglia da Cottura G501-5 Mis 34 X 54 - Caminopoli: la citt\u00e0 degli accessori da camino","isPartOf":{"@id":"https:\/\/www.caminopoli.fr\/it#website"},"primaryImageOfPage":{"@id":"https:\/\/www.caminopoli.fr\/it\/accessori\/griglia-da-cottura-g501-5-mis-34-x-54#primaryimage"},"image":{"@id":"https:\/\/www.caminopoli.fr\/it\/accessori\/griglia-da-cottura-g501-5-mis-34-x-54#primaryimage"},"thumbnailUrl":"https:\/\/www.caminopoli.fr\/wp-content\/uploads\/2021\/03\/Griglia-Barbecue-G501-34X54.jpg","datePublished":"2021-03-12T07:45:09+00:00","dateModified":"2025-09-24T10:17:11+00:00","breadcrumb":{"@id":"https:\/\/www.caminopoli.fr\/it\/accessori\/griglia-da-cottura-g501-5-mis-34-x-54#breadcrumb"},"inLanguage":"it-IT","potentialAction":[{"@type":"ReadAction","target":["https:\/\/www.caminopoli.fr\/it\/accessori\/griglia-da-cottura-g501-5-mis-34-x-54"]}]},{"@type":"ImageObject","inLanguage":"it-IT","@id":"https:\/\/www.caminopoli.fr\/it\/accessori\/griglia-da-cottura-g501-5-mis-34-x-54#primaryimage","url":"https:\/\/www.caminopoli.fr\/wp-content\/uploads\/2021\/03\/Griglia-Barbecue-G501-34X54.jpg","contentUrl":"https:\/\/www.caminopoli.fr\/wp-content\/uploads\/2021\/03\/Griglia-Barbecue-G501-34X54.jpg","width":801,"height":628},{"@type":"BreadcrumbList","@id":"https:\/\/www.caminopoli.fr\/it\/accessori\/griglia-da-cottura-g501-5-mis-34-x-54#breadcrumb","itemListElement":[{"@type":"ListItem","position":1,"name":"Home","item":"https:\/\/www.caminopoli.fr\/it"},{"@type":"ListItem","position":2,"name":"Attrezzi da Camino","item":"https:\/\/www.caminopoli.fr\/attrezzi-da-camino"},{"@type":"ListItem","position":3,"name":"Griglia da Cottura G501-5 Mis 34 X 54"}]},{"@type":"WebSite","@id":"https:\/\/www.caminopoli.fr\/it#website","url":"https:\/\/www.caminopoli.fr\/it","name":"Caminopoli: la citt\u00e0 degli accessori da camino","description":"Vendita online accessori da camino","publisher":{"@id":"https:\/\/www.caminopoli.fr\/it#organization"},"potentialAction":[{"@type":"SearchAction","target":{"@type":"EntryPoint","urlTemplate":"https:\/\/www.caminopoli.fr\/it?s={search_term_string}"},"query-input":{"@type":"PropertyValueSpecification","valueRequired":true,"valueName":"search_term_string"}}],"inLanguage":"it-IT"},{"@type":"Organization","@id":"https:\/\/www.caminopoli.fr\/it#organization","name":"Caminopoli","url":"https:\/\/www.caminopoli.fr\/it","logo":{"@type":"ImageObject","inLanguage":"it-IT","@id":"https:\/\/www.caminopoli.fr\/it#\/schema\/logo\/image\/","url":"http:\/\/caminopoli.it\/wp-content\/uploads\/2017\/05\/Caminopoli-store_2.png","contentUrl":"http:\/\/caminopoli.it\/wp-content\/uploads\/2017\/05\/Caminopoli-store_2.png","width":267,"height":71,"caption":"Caminopoli"},"image":{"@id":"https:\/\/www.caminopoli.fr\/it#\/schema\/logo\/image\/"},"sameAs":["https:\/\/www.facebook.com\/caminopoli.fuocoamico\/"]}]}},"_links":{"self":[{"href":"https:\/\/www.caminopoli.fr\/it\/wp-json\/wp\/v2\/product\/7682","targetHints":{"allow":["GET"]}}],"collection":[{"href":"https:\/\/www.caminopoli.fr\/it\/wp-json\/wp\/v2\/product"}],"about":[{"href":"https:\/\/www.caminopoli.fr\/it\/wp-json\/wp\/v2\/types\/product"}],"replies":[{"embeddable":true,"href":"https:\/\/www.caminopoli.fr\/it\/wp-json\/wp\/v2\/comments?post=7682"}],"wp:featuredmedia":[{"embeddable":true,"href":"https:\/\/www.caminopoli.fr\/it\/wp-json\/wp\/v2\/media\/7718"}],"wp:attachment":[{"href":"https:\/\/www.caminopoli.fr\/it\/wp-json\/wp\/v2\/media?parent=7682"}],"wp:term":[{"taxonomy":"product_brand","embeddable":true,"href":"https:\/\/www.caminopoli.fr\/it\/wp-json\/wp\/v2\/product_brand?post=7682"},{"taxonomy":"product_cat","embeddable":true,"href":"https:\/\/www.caminopoli.fr\/it\/wp-json\/wp\/v2\/product_cat?post=7682"},{"taxonomy":"product_tag","embeddable":true,"href":"https:\/\/www.caminopoli.fr\/it\/wp-json\/wp\/v2\/product_tag?post=7682"}],"curies":[{"name":"wp","href":"https:\/\/api.w.org\/{rel}","templated":true}]}}