{"id":8063,"date":"2021-04-21T22:39:12","date_gmt":"2021-04-21T20:39:12","guid":{"rendered":"https:\/\/www.caminopoli.fr\/?post_type=product&#038;p=8063"},"modified":"2025-09-24T12:14:40","modified_gmt":"2025-09-24T10:14:40","slug":"set-pieghevole-3-in-1-utensili-da-cottura-per-barbeque-v168","status":"publish","type":"product","link":"https:\/\/www.caminopoli.fr\/it\/accessori\/set-pieghevole-3-in-1-utensili-da-cottura-per-barbeque-v168","title":{"rendered":"Set Pieghevole 3 in 1 utensili da cottura per Barbeque V168"},"content":{"rendered":"<p>&nbsp;<\/p>\n<p>Indispensabile strumento da BBQ che racchiude 3 utensili in 1.<\/p>\n<p>Un comodo strumento che racchiude tre validi aiuti per chi ama il barbecue: Paletta, Forchettone e Coltello.<\/p>\n<p>Richiudibile, occupa poco spazio ma con un solo accessorio permette di averne tre a portata di mano.<\/p>\n<p>BA712+444AA21<\/p>\n<p>&nbsp;<\/p>\n","protected":false},"excerpt":{"rendered":"<p>&nbsp;<\/p>\n<p>Indispensabile strumento da BBQ che racchiude 3 utensili in 1.<\/p>\n<p>Un comodo strumento che racchiude tre validi aiuti per chi ama il barbecue:<\/p>\n<p>Paletta<\/p>\n<p>Forchettone<\/p>\n<p>Coltello<\/p>\n<p>Richiudibile, occupa poco spazio ma con un solo accessorio permette di averne tre a portata di mano.<\/p>\n<p>&nbsp;<\/p>\n","protected":false},"featured_media":8064,"comment_status":"open","ping_status":"closed","template":"","meta":[],"product_brand":[],"product_cat":[89,51],"product_tag":[],"class_list":{"0":"post-8063","1":"product","2":"type-product","3":"status-publish","4":"has-post-thumbnail","6":"product_cat-griglie-da-cottura","7":"product_cat-piastre-in-ghisa-da-cottura","8":"pa_peso-620-gr","10":"first","11":"instock","12":"sale","13":"featured","14":"taxable","15":"shipping-taxable","16":"purchasable","17":"product-type-simple"},"yoast_head":"<!-- This site is optimized with the Yoast SEO plugin v27.3 - https:\/\/yoast.com\/product\/yoast-seo-wordpress\/ -->\n<title>Set Pieghevole 3 in 1 utensili da cottura per Barbeque V168 - Caminopoli: la citt\u00e0 degli accessori da camino<\/title>\n<meta name=\"description\" content=\"Secchio Cenere Carbone L174 ferro Caminopoli: la citt\u00e0 degli accessori da camino. Vendita on-line con possibilit\u00e0 di ricevere tutto a casa\" \/>\n<meta name=\"robots\" content=\"index, follow, max-snippet:-1, max-image-preview:large, max-video-preview:-1\" \/>\n<link rel=\"canonical\" href=\"https:\/\/www.caminopoli.fr\/it\/accessori\/set-pieghevole-3-in-1-utensili-da-cottura-per-barbeque-v168\" \/>\n<meta property=\"og:locale\" content=\"it_IT\" \/>\n<meta property=\"og:type\" content=\"article\" \/>\n<meta property=\"og:title\" content=\"Set Pieghevole 3 in 1 utensili da cottura per Barbeque V168 - Caminopoli: la citt\u00e0 degli accessori da camino\" \/>\n<meta property=\"og:description\" content=\"Secchio Cenere Carbone L174 ferro Caminopoli: la citt\u00e0 degli accessori da camino. Vendita on-line con possibilit\u00e0 di ricevere tutto a casa\" \/>\n<meta property=\"og:url\" content=\"https:\/\/www.caminopoli.fr\/it\/accessori\/set-pieghevole-3-in-1-utensili-da-cottura-per-barbeque-v168\" \/>\n<meta property=\"og:site_name\" content=\"Caminopoli: la citt\u00e0 degli accessori da camino\" \/>\n<meta property=\"article:publisher\" content=\"https:\/\/www.facebook.com\/caminopoli.fuocoamico\/\" \/>\n<meta property=\"article:modified_time\" content=\"2025-09-24T10:14:40+00:00\" \/>\n<meta property=\"og:image\" content=\"https:\/\/www.caminopoli.fr\/wp-content\/uploads\/2021\/04\/V168.jpg\" \/>\n\t<meta property=\"og:image:width\" content=\"800\" \/>\n\t<meta property=\"og:image:height\" content=\"804\" \/>\n\t<meta property=\"og:image:type\" content=\"image\/jpeg\" \/>\n<meta name=\"twitter:card\" content=\"summary_large_image\" \/>\n<script type=\"application\/ld+json\" class=\"yoast-schema-graph\">{\"@context\":\"https:\\\/\\\/schema.org\",\"@graph\":[{\"@type\":\"WebPage\",\"@id\":\"https:\\\/\\\/www.caminopoli.fr\\\/it\\\/accessori\\\/set-pieghevole-3-in-1-utensili-da-cottura-per-barbeque-v168\",\"url\":\"https:\\\/\\\/www.caminopoli.fr\\\/it\\\/accessori\\\/set-pieghevole-3-in-1-utensili-da-cottura-per-barbeque-v168\",\"name\":\"Set Pieghevole 3 in 1 utensili da cottura per Barbeque V168 - Caminopoli: la citt\u00e0 degli accessori da camino\",\"isPartOf\":{\"@id\":\"https:\\\/\\\/www.caminopoli.fr\\\/it#website\"},\"primaryImageOfPage\":{\"@id\":\"https:\\\/\\\/www.caminopoli.fr\\\/it\\\/accessori\\\/set-pieghevole-3-in-1-utensili-da-cottura-per-barbeque-v168#primaryimage\"},\"image\":{\"@id\":\"https:\\\/\\\/www.caminopoli.fr\\\/it\\\/accessori\\\/set-pieghevole-3-in-1-utensili-da-cottura-per-barbeque-v168#primaryimage\"},\"thumbnailUrl\":\"https:\\\/\\\/www.caminopoli.fr\\\/wp-content\\\/uploads\\\/2021\\\/04\\\/V168.jpg\",\"datePublished\":\"2021-04-21T20:39:12+00:00\",\"dateModified\":\"2025-09-24T10:14:40+00:00\",\"description\":\"Secchio Cenere Carbone L174 ferro Caminopoli: la citt\u00e0 degli accessori da camino. Vendita on-line con possibilit\u00e0 di ricevere tutto a casa\",\"breadcrumb\":{\"@id\":\"https:\\\/\\\/www.caminopoli.fr\\\/it\\\/accessori\\\/set-pieghevole-3-in-1-utensili-da-cottura-per-barbeque-v168#breadcrumb\"},\"inLanguage\":\"it-IT\",\"potentialAction\":[{\"@type\":\"ReadAction\",\"target\":[\"https:\\\/\\\/www.caminopoli.fr\\\/it\\\/accessori\\\/set-pieghevole-3-in-1-utensili-da-cottura-per-barbeque-v168\"]}]},{\"@type\":\"ImageObject\",\"inLanguage\":\"it-IT\",\"@id\":\"https:\\\/\\\/www.caminopoli.fr\\\/it\\\/accessori\\\/set-pieghevole-3-in-1-utensili-da-cottura-per-barbeque-v168#primaryimage\",\"url\":\"https:\\\/\\\/www.caminopoli.fr\\\/wp-content\\\/uploads\\\/2021\\\/04\\\/V168.jpg\",\"contentUrl\":\"https:\\\/\\\/www.caminopoli.fr\\\/wp-content\\\/uploads\\\/2021\\\/04\\\/V168.jpg\",\"width\":800,\"height\":804},{\"@type\":\"BreadcrumbList\",\"@id\":\"https:\\\/\\\/www.caminopoli.fr\\\/it\\\/accessori\\\/set-pieghevole-3-in-1-utensili-da-cottura-per-barbeque-v168#breadcrumb\",\"itemListElement\":[{\"@type\":\"ListItem\",\"position\":1,\"name\":\"Home\",\"item\":\"https:\\\/\\\/www.caminopoli.fr\\\/it\"},{\"@type\":\"ListItem\",\"position\":2,\"name\":\"Attrezzi da Camino\",\"item\":\"https:\\\/\\\/www.caminopoli.fr\\\/attrezzi-da-camino\"},{\"@type\":\"ListItem\",\"position\":3,\"name\":\"Set Pieghevole 3 in 1 utensili da cottura per Barbeque V168\"}]},{\"@type\":\"WebSite\",\"@id\":\"https:\\\/\\\/www.caminopoli.fr\\\/it#website\",\"url\":\"https:\\\/\\\/www.caminopoli.fr\\\/it\",\"name\":\"Caminopoli: la citt\u00e0 degli accessori da camino\",\"description\":\"Vendita online accessori da camino\",\"publisher\":{\"@id\":\"https:\\\/\\\/www.caminopoli.fr\\\/it#organization\"},\"potentialAction\":[{\"@type\":\"SearchAction\",\"target\":{\"@type\":\"EntryPoint\",\"urlTemplate\":\"https:\\\/\\\/www.caminopoli.fr\\\/it?s={search_term_string}\"},\"query-input\":{\"@type\":\"PropertyValueSpecification\",\"valueRequired\":true,\"valueName\":\"search_term_string\"}}],\"inLanguage\":\"it-IT\"},{\"@type\":\"Organization\",\"@id\":\"https:\\\/\\\/www.caminopoli.fr\\\/it#organization\",\"name\":\"Caminopoli\",\"url\":\"https:\\\/\\\/www.caminopoli.fr\\\/it\",\"logo\":{\"@type\":\"ImageObject\",\"inLanguage\":\"it-IT\",\"@id\":\"https:\\\/\\\/www.caminopoli.fr\\\/it#\\\/schema\\\/logo\\\/image\\\/\",\"url\":\"http:\\\/\\\/caminopoli.it\\\/wp-content\\\/uploads\\\/2017\\\/05\\\/Caminopoli-store_2.png\",\"contentUrl\":\"http:\\\/\\\/caminopoli.it\\\/wp-content\\\/uploads\\\/2017\\\/05\\\/Caminopoli-store_2.png\",\"width\":267,\"height\":71,\"caption\":\"Caminopoli\"},\"image\":{\"@id\":\"https:\\\/\\\/www.caminopoli.fr\\\/it#\\\/schema\\\/logo\\\/image\\\/\"},\"sameAs\":[\"https:\\\/\\\/www.facebook.com\\\/caminopoli.fuocoamico\\\/\"]}]}<\/script>\n<!-- \/ Yoast SEO plugin. -->","yoast_head_json":{"title":"Set Pieghevole 3 in 1 utensili da cottura per Barbeque V168 - Caminopoli: la citt\u00e0 degli accessori da camino","description":"Secchio Cenere Carbone L174 ferro Caminopoli: la citt\u00e0 degli accessori da camino. Vendita on-line con possibilit\u00e0 di ricevere tutto a casa","robots":{"index":"index","follow":"follow","max-snippet":"max-snippet:-1","max-image-preview":"max-image-preview:large","max-video-preview":"max-video-preview:-1"},"canonical":"https:\/\/www.caminopoli.fr\/it\/accessori\/set-pieghevole-3-in-1-utensili-da-cottura-per-barbeque-v168","og_locale":"it_IT","og_type":"article","og_title":"Set Pieghevole 3 in 1 utensili da cottura per Barbeque V168 - Caminopoli: la citt\u00e0 degli accessori da camino","og_description":"Secchio Cenere Carbone L174 ferro Caminopoli: la citt\u00e0 degli accessori da camino. Vendita on-line con possibilit\u00e0 di ricevere tutto a casa","og_url":"https:\/\/www.caminopoli.fr\/it\/accessori\/set-pieghevole-3-in-1-utensili-da-cottura-per-barbeque-v168","og_site_name":"Caminopoli: la citt\u00e0 degli accessori da camino","article_publisher":"https:\/\/www.facebook.com\/caminopoli.fuocoamico\/","article_modified_time":"2025-09-24T10:14:40+00:00","og_image":[{"width":800,"height":804,"url":"https:\/\/www.caminopoli.fr\/wp-content\/uploads\/2021\/04\/V168.jpg","type":"image\/jpeg"}],"twitter_card":"summary_large_image","schema":{"@context":"https:\/\/schema.org","@graph":[{"@type":"WebPage","@id":"https:\/\/www.caminopoli.fr\/it\/accessori\/set-pieghevole-3-in-1-utensili-da-cottura-per-barbeque-v168","url":"https:\/\/www.caminopoli.fr\/it\/accessori\/set-pieghevole-3-in-1-utensili-da-cottura-per-barbeque-v168","name":"Set Pieghevole 3 in 1 utensili da cottura per Barbeque V168 - Caminopoli: la citt\u00e0 degli accessori da camino","isPartOf":{"@id":"https:\/\/www.caminopoli.fr\/it#website"},"primaryImageOfPage":{"@id":"https:\/\/www.caminopoli.fr\/it\/accessori\/set-pieghevole-3-in-1-utensili-da-cottura-per-barbeque-v168#primaryimage"},"image":{"@id":"https:\/\/www.caminopoli.fr\/it\/accessori\/set-pieghevole-3-in-1-utensili-da-cottura-per-barbeque-v168#primaryimage"},"thumbnailUrl":"https:\/\/www.caminopoli.fr\/wp-content\/uploads\/2021\/04\/V168.jpg","datePublished":"2021-04-21T20:39:12+00:00","dateModified":"2025-09-24T10:14:40+00:00","description":"Secchio Cenere Carbone L174 ferro Caminopoli: la citt\u00e0 degli accessori da camino. Vendita on-line con possibilit\u00e0 di ricevere tutto a casa","breadcrumb":{"@id":"https:\/\/www.caminopoli.fr\/it\/accessori\/set-pieghevole-3-in-1-utensili-da-cottura-per-barbeque-v168#breadcrumb"},"inLanguage":"it-IT","potentialAction":[{"@type":"ReadAction","target":["https:\/\/www.caminopoli.fr\/it\/accessori\/set-pieghevole-3-in-1-utensili-da-cottura-per-barbeque-v168"]}]},{"@type":"ImageObject","inLanguage":"it-IT","@id":"https:\/\/www.caminopoli.fr\/it\/accessori\/set-pieghevole-3-in-1-utensili-da-cottura-per-barbeque-v168#primaryimage","url":"https:\/\/www.caminopoli.fr\/wp-content\/uploads\/2021\/04\/V168.jpg","contentUrl":"https:\/\/www.caminopoli.fr\/wp-content\/uploads\/2021\/04\/V168.jpg","width":800,"height":804},{"@type":"BreadcrumbList","@id":"https:\/\/www.caminopoli.fr\/it\/accessori\/set-pieghevole-3-in-1-utensili-da-cottura-per-barbeque-v168#breadcrumb","itemListElement":[{"@type":"ListItem","position":1,"name":"Home","item":"https:\/\/www.caminopoli.fr\/it"},{"@type":"ListItem","position":2,"name":"Attrezzi da Camino","item":"https:\/\/www.caminopoli.fr\/attrezzi-da-camino"},{"@type":"ListItem","position":3,"name":"Set Pieghevole 3 in 1 utensili da cottura per Barbeque V168"}]},{"@type":"WebSite","@id":"https:\/\/www.caminopoli.fr\/it#website","url":"https:\/\/www.caminopoli.fr\/it","name":"Caminopoli: la citt\u00e0 degli accessori da camino","description":"Vendita online accessori da camino","publisher":{"@id":"https:\/\/www.caminopoli.fr\/it#organization"},"potentialAction":[{"@type":"SearchAction","target":{"@type":"EntryPoint","urlTemplate":"https:\/\/www.caminopoli.fr\/it?s={search_term_string}"},"query-input":{"@type":"PropertyValueSpecification","valueRequired":true,"valueName":"search_term_string"}}],"inLanguage":"it-IT"},{"@type":"Organization","@id":"https:\/\/www.caminopoli.fr\/it#organization","name":"Caminopoli","url":"https:\/\/www.caminopoli.fr\/it","logo":{"@type":"ImageObject","inLanguage":"it-IT","@id":"https:\/\/www.caminopoli.fr\/it#\/schema\/logo\/image\/","url":"http:\/\/caminopoli.it\/wp-content\/uploads\/2017\/05\/Caminopoli-store_2.png","contentUrl":"http:\/\/caminopoli.it\/wp-content\/uploads\/2017\/05\/Caminopoli-store_2.png","width":267,"height":71,"caption":"Caminopoli"},"image":{"@id":"https:\/\/www.caminopoli.fr\/it#\/schema\/logo\/image\/"},"sameAs":["https:\/\/www.facebook.com\/caminopoli.fuocoamico\/"]}]}},"_links":{"self":[{"href":"https:\/\/www.caminopoli.fr\/it\/wp-json\/wp\/v2\/product\/8063","targetHints":{"allow":["GET"]}}],"collection":[{"href":"https:\/\/www.caminopoli.fr\/it\/wp-json\/wp\/v2\/product"}],"about":[{"href":"https:\/\/www.caminopoli.fr\/it\/wp-json\/wp\/v2\/types\/product"}],"replies":[{"embeddable":true,"href":"https:\/\/www.caminopoli.fr\/it\/wp-json\/wp\/v2\/comments?post=8063"}],"wp:featuredmedia":[{"embeddable":true,"href":"https:\/\/www.caminopoli.fr\/it\/wp-json\/wp\/v2\/media\/8064"}],"wp:attachment":[{"href":"https:\/\/www.caminopoli.fr\/it\/wp-json\/wp\/v2\/media?parent=8063"}],"wp:term":[{"taxonomy":"product_brand","embeddable":true,"href":"https:\/\/www.caminopoli.fr\/it\/wp-json\/wp\/v2\/product_brand?post=8063"},{"taxonomy":"product_cat","embeddable":true,"href":"https:\/\/www.caminopoli.fr\/it\/wp-json\/wp\/v2\/product_cat?post=8063"},{"taxonomy":"product_tag","embeddable":true,"href":"https:\/\/www.caminopoli.fr\/it\/wp-json\/wp\/v2\/product_tag?post=8063"}],"curies":[{"name":"wp","href":"https:\/\/api.w.org\/{rel}","templated":true}]}}