{"id":857,"date":"2009-09-07T12:37:36","date_gmt":"2009-09-07T10:37:36","guid":{"rendered":"http:\/\/sviluppo.caminopoli.it\/?post_type=product&#038;p=857"},"modified":"2025-09-24T12:38:18","modified_gmt":"2025-09-24T10:38:18","slug":"parascintille-coda-di-pavone-p146-a-ventaglio","status":"publish","type":"product","link":"https:\/\/www.caminopoli.fr\/it\/accessori\/parascintille-coda-di-pavone-p146-a-ventaglio","title":{"rendered":"Parascintille a coda di Pavone P146 Ventaglio in Ottone"},"content":{"rendered":"<p>Parascintille a Ventaglio fuso in un&#8217;antichissimo stampo con 300 anni di storia, la realizzazione di questo parascintille chiudibile a coda di pavone \u00e8 composta da pi\u00f9 stampi, interamente in ottone e proposto in due finiture con disponibilit\u00e0 immediata:<\/p>\n<ul>\n<li><strong>Lucido<\/strong><\/li>\n<li><strong>Anticato<\/strong><\/li>\n<li>Argento (bagno su ordinazione)<\/li>\n<\/ul>\n<p>FU787+362AA18<\/p>\n","protected":false},"excerpt":{"rendered":"<p>&nbsp;<\/p>\n<p><strong>Parascintille in Ottone a Ventaglio o Coda di Pavone.<\/strong><\/p>\n<p>Parascintille in ottone nella classica forma che conosciamo e presente nei famosi salotti di tutto il mondo.<\/p>\n<p>Questa soluzione permette di chiuderlo raccogliendo le due ali spingendole verso il centro.<\/p>\n<ul>\n<li><strong>Lucido<\/strong><\/li>\n<li><strong>Anticato<\/strong><\/li>\n<li>Argento (bagno su ordinazione)<\/li>\n<\/ul>\n<p>&nbsp;<\/p>\n","protected":false},"featured_media":17994,"comment_status":"open","ping_status":"closed","template":"","meta":[],"product_brand":[110],"product_cat":[66],"product_tag":[],"class_list":{"0":"post-857","1":"product","2":"type-product","3":"status-publish","4":"has-post-thumbnail","6":"product_brand-caminopoli","7":"product_cat-parascintille-in-ottone","8":"pa_finitura-anticato","9":"pa_finitura-lucido","10":"pa_finitura-silver","11":"pa_peso-3-4-kg","13":"first","14":"instock","15":"taxable","16":"shipping-taxable","17":"purchasable","18":"product-type-variable"},"yoast_head":"<!-- This site is optimized with the Yoast SEO plugin v27.3 - https:\/\/yoast.com\/product\/yoast-seo-wordpress\/ -->\n<title>Parascintille a coda di Pavone P146 Ventaglio in Ottone - Caminopoli: la citt\u00e0 degli accessori da camino<\/title>\n<meta name=\"description\" content=\"Parascintille a ventaglio, interamente realizzato in ottone e proposto in tre finiture: - Lucido - Anticato - Bagnato nell&#039;argento\" \/>\n<meta name=\"robots\" content=\"index, follow, max-snippet:-1, max-image-preview:large, max-video-preview:-1\" \/>\n<link rel=\"canonical\" href=\"https:\/\/www.caminopoli.fr\/it\/accessori\/parascintille-coda-di-pavone-p146-a-ventaglio\" \/>\n<meta property=\"og:locale\" content=\"it_IT\" \/>\n<meta property=\"og:type\" content=\"article\" \/>\n<meta property=\"og:title\" content=\"Parascintille a coda di Pavone P146 Ventaglio in Ottone - Caminopoli: la citt\u00e0 degli accessori da camino\" \/>\n<meta property=\"og:description\" content=\"Parascintille a ventaglio, interamente realizzato in ottone e proposto in tre finiture: - Lucido - Anticato - Bagnato nell&#039;argento\" \/>\n<meta property=\"og:url\" content=\"https:\/\/www.caminopoli.fr\/it\/accessori\/parascintille-coda-di-pavone-p146-a-ventaglio\" \/>\n<meta property=\"og:site_name\" content=\"Caminopoli: la citt\u00e0 degli accessori da camino\" \/>\n<meta property=\"article:publisher\" content=\"https:\/\/www.facebook.com\/caminopoli.fuocoamico\/\" \/>\n<meta property=\"article:modified_time\" content=\"2025-09-24T10:38:18+00:00\" \/>\n<meta property=\"og:image\" content=\"https:\/\/www.caminopoli.fr\/wp-content\/uploads\/2009\/09\/P164-L.jpg\" \/>\n\t<meta property=\"og:image:width\" content=\"802\" \/>\n\t<meta property=\"og:image:height\" content=\"801\" \/>\n\t<meta property=\"og:image:type\" content=\"image\/jpeg\" \/>\n<meta name=\"twitter:card\" content=\"summary_large_image\" \/>\n<meta name=\"twitter:label1\" content=\"Tempo di lettura stimato\" \/>\n\t<meta name=\"twitter:data1\" content=\"1 minuto\" \/>\n<script type=\"application\/ld+json\" class=\"yoast-schema-graph\">{\"@context\":\"https:\\\/\\\/schema.org\",\"@graph\":[{\"@type\":\"WebPage\",\"@id\":\"https:\\\/\\\/www.caminopoli.fr\\\/it\\\/accessori\\\/parascintille-coda-di-pavone-p146-a-ventaglio\",\"url\":\"https:\\\/\\\/www.caminopoli.fr\\\/it\\\/accessori\\\/parascintille-coda-di-pavone-p146-a-ventaglio\",\"name\":\"Parascintille a coda di Pavone P146 Ventaglio in Ottone - Caminopoli: la citt\u00e0 degli accessori da camino\",\"isPartOf\":{\"@id\":\"https:\\\/\\\/www.caminopoli.fr\\\/it#website\"},\"primaryImageOfPage\":{\"@id\":\"https:\\\/\\\/www.caminopoli.fr\\\/it\\\/accessori\\\/parascintille-coda-di-pavone-p146-a-ventaglio#primaryimage\"},\"image\":{\"@id\":\"https:\\\/\\\/www.caminopoli.fr\\\/it\\\/accessori\\\/parascintille-coda-di-pavone-p146-a-ventaglio#primaryimage\"},\"thumbnailUrl\":\"https:\\\/\\\/www.caminopoli.fr\\\/wp-content\\\/uploads\\\/2009\\\/09\\\/P164-L.jpg\",\"datePublished\":\"2009-09-07T10:37:36+00:00\",\"dateModified\":\"2025-09-24T10:38:18+00:00\",\"description\":\"Parascintille a ventaglio, interamente realizzato in ottone e proposto in tre finiture: - Lucido - Anticato - Bagnato nell'argento\",\"breadcrumb\":{\"@id\":\"https:\\\/\\\/www.caminopoli.fr\\\/it\\\/accessori\\\/parascintille-coda-di-pavone-p146-a-ventaglio#breadcrumb\"},\"inLanguage\":\"it-IT\",\"potentialAction\":[{\"@type\":\"ReadAction\",\"target\":[\"https:\\\/\\\/www.caminopoli.fr\\\/it\\\/accessori\\\/parascintille-coda-di-pavone-p146-a-ventaglio\"]}]},{\"@type\":\"ImageObject\",\"inLanguage\":\"it-IT\",\"@id\":\"https:\\\/\\\/www.caminopoli.fr\\\/it\\\/accessori\\\/parascintille-coda-di-pavone-p146-a-ventaglio#primaryimage\",\"url\":\"https:\\\/\\\/www.caminopoli.fr\\\/wp-content\\\/uploads\\\/2009\\\/09\\\/P164-L.jpg\",\"contentUrl\":\"https:\\\/\\\/www.caminopoli.fr\\\/wp-content\\\/uploads\\\/2009\\\/09\\\/P164-L.jpg\",\"width\":802,\"height\":801},{\"@type\":\"BreadcrumbList\",\"@id\":\"https:\\\/\\\/www.caminopoli.fr\\\/it\\\/accessori\\\/parascintille-coda-di-pavone-p146-a-ventaglio#breadcrumb\",\"itemListElement\":[{\"@type\":\"ListItem\",\"position\":1,\"name\":\"Home\",\"item\":\"https:\\\/\\\/www.caminopoli.fr\\\/it\"},{\"@type\":\"ListItem\",\"position\":2,\"name\":\"Attrezzi da Camino\",\"item\":\"https:\\\/\\\/www.caminopoli.fr\\\/attrezzi-da-camino\"},{\"@type\":\"ListItem\",\"position\":3,\"name\":\"Parascintille a coda di Pavone P146 Ventaglio in Ottone\"}]},{\"@type\":\"WebSite\",\"@id\":\"https:\\\/\\\/www.caminopoli.fr\\\/it#website\",\"url\":\"https:\\\/\\\/www.caminopoli.fr\\\/it\",\"name\":\"Caminopoli: la citt\u00e0 degli accessori da camino\",\"description\":\"Vendita online accessori da camino\",\"publisher\":{\"@id\":\"https:\\\/\\\/www.caminopoli.fr\\\/it#organization\"},\"potentialAction\":[{\"@type\":\"SearchAction\",\"target\":{\"@type\":\"EntryPoint\",\"urlTemplate\":\"https:\\\/\\\/www.caminopoli.fr\\\/it?s={search_term_string}\"},\"query-input\":{\"@type\":\"PropertyValueSpecification\",\"valueRequired\":true,\"valueName\":\"search_term_string\"}}],\"inLanguage\":\"it-IT\"},{\"@type\":\"Organization\",\"@id\":\"https:\\\/\\\/www.caminopoli.fr\\\/it#organization\",\"name\":\"Caminopoli\",\"url\":\"https:\\\/\\\/www.caminopoli.fr\\\/it\",\"logo\":{\"@type\":\"ImageObject\",\"inLanguage\":\"it-IT\",\"@id\":\"https:\\\/\\\/www.caminopoli.fr\\\/it#\\\/schema\\\/logo\\\/image\\\/\",\"url\":\"http:\\\/\\\/caminopoli.it\\\/wp-content\\\/uploads\\\/2017\\\/05\\\/Caminopoli-store_2.png\",\"contentUrl\":\"http:\\\/\\\/caminopoli.it\\\/wp-content\\\/uploads\\\/2017\\\/05\\\/Caminopoli-store_2.png\",\"width\":267,\"height\":71,\"caption\":\"Caminopoli\"},\"image\":{\"@id\":\"https:\\\/\\\/www.caminopoli.fr\\\/it#\\\/schema\\\/logo\\\/image\\\/\"},\"sameAs\":[\"https:\\\/\\\/www.facebook.com\\\/caminopoli.fuocoamico\\\/\"]}]}<\/script>\n<!-- \/ Yoast SEO plugin. -->","yoast_head_json":{"title":"Parascintille a coda di Pavone P146 Ventaglio in Ottone - Caminopoli: la citt\u00e0 degli accessori da camino","description":"Parascintille a ventaglio, interamente realizzato in ottone e proposto in tre finiture: - Lucido - Anticato - Bagnato nell'argento","robots":{"index":"index","follow":"follow","max-snippet":"max-snippet:-1","max-image-preview":"max-image-preview:large","max-video-preview":"max-video-preview:-1"},"canonical":"https:\/\/www.caminopoli.fr\/it\/accessori\/parascintille-coda-di-pavone-p146-a-ventaglio","og_locale":"it_IT","og_type":"article","og_title":"Parascintille a coda di Pavone P146 Ventaglio in Ottone - Caminopoli: la citt\u00e0 degli accessori da camino","og_description":"Parascintille a ventaglio, interamente realizzato in ottone e proposto in tre finiture: - Lucido - Anticato - Bagnato nell'argento","og_url":"https:\/\/www.caminopoli.fr\/it\/accessori\/parascintille-coda-di-pavone-p146-a-ventaglio","og_site_name":"Caminopoli: la citt\u00e0 degli accessori da camino","article_publisher":"https:\/\/www.facebook.com\/caminopoli.fuocoamico\/","article_modified_time":"2025-09-24T10:38:18+00:00","og_image":[{"width":802,"height":801,"url":"https:\/\/www.caminopoli.fr\/wp-content\/uploads\/2009\/09\/P164-L.jpg","type":"image\/jpeg"}],"twitter_card":"summary_large_image","twitter_misc":{"Tempo di lettura stimato":"1 minuto"},"schema":{"@context":"https:\/\/schema.org","@graph":[{"@type":"WebPage","@id":"https:\/\/www.caminopoli.fr\/it\/accessori\/parascintille-coda-di-pavone-p146-a-ventaglio","url":"https:\/\/www.caminopoli.fr\/it\/accessori\/parascintille-coda-di-pavone-p146-a-ventaglio","name":"Parascintille a coda di Pavone P146 Ventaglio in Ottone - Caminopoli: la citt\u00e0 degli accessori da camino","isPartOf":{"@id":"https:\/\/www.caminopoli.fr\/it#website"},"primaryImageOfPage":{"@id":"https:\/\/www.caminopoli.fr\/it\/accessori\/parascintille-coda-di-pavone-p146-a-ventaglio#primaryimage"},"image":{"@id":"https:\/\/www.caminopoli.fr\/it\/accessori\/parascintille-coda-di-pavone-p146-a-ventaglio#primaryimage"},"thumbnailUrl":"https:\/\/www.caminopoli.fr\/wp-content\/uploads\/2009\/09\/P164-L.jpg","datePublished":"2009-09-07T10:37:36+00:00","dateModified":"2025-09-24T10:38:18+00:00","description":"Parascintille a ventaglio, interamente realizzato in ottone e proposto in tre finiture: - Lucido - Anticato - Bagnato nell'argento","breadcrumb":{"@id":"https:\/\/www.caminopoli.fr\/it\/accessori\/parascintille-coda-di-pavone-p146-a-ventaglio#breadcrumb"},"inLanguage":"it-IT","potentialAction":[{"@type":"ReadAction","target":["https:\/\/www.caminopoli.fr\/it\/accessori\/parascintille-coda-di-pavone-p146-a-ventaglio"]}]},{"@type":"ImageObject","inLanguage":"it-IT","@id":"https:\/\/www.caminopoli.fr\/it\/accessori\/parascintille-coda-di-pavone-p146-a-ventaglio#primaryimage","url":"https:\/\/www.caminopoli.fr\/wp-content\/uploads\/2009\/09\/P164-L.jpg","contentUrl":"https:\/\/www.caminopoli.fr\/wp-content\/uploads\/2009\/09\/P164-L.jpg","width":802,"height":801},{"@type":"BreadcrumbList","@id":"https:\/\/www.caminopoli.fr\/it\/accessori\/parascintille-coda-di-pavone-p146-a-ventaglio#breadcrumb","itemListElement":[{"@type":"ListItem","position":1,"name":"Home","item":"https:\/\/www.caminopoli.fr\/it"},{"@type":"ListItem","position":2,"name":"Attrezzi da Camino","item":"https:\/\/www.caminopoli.fr\/attrezzi-da-camino"},{"@type":"ListItem","position":3,"name":"Parascintille a coda di Pavone P146 Ventaglio in Ottone"}]},{"@type":"WebSite","@id":"https:\/\/www.caminopoli.fr\/it#website","url":"https:\/\/www.caminopoli.fr\/it","name":"Caminopoli: la citt\u00e0 degli accessori da camino","description":"Vendita online accessori da camino","publisher":{"@id":"https:\/\/www.caminopoli.fr\/it#organization"},"potentialAction":[{"@type":"SearchAction","target":{"@type":"EntryPoint","urlTemplate":"https:\/\/www.caminopoli.fr\/it?s={search_term_string}"},"query-input":{"@type":"PropertyValueSpecification","valueRequired":true,"valueName":"search_term_string"}}],"inLanguage":"it-IT"},{"@type":"Organization","@id":"https:\/\/www.caminopoli.fr\/it#organization","name":"Caminopoli","url":"https:\/\/www.caminopoli.fr\/it","logo":{"@type":"ImageObject","inLanguage":"it-IT","@id":"https:\/\/www.caminopoli.fr\/it#\/schema\/logo\/image\/","url":"http:\/\/caminopoli.it\/wp-content\/uploads\/2017\/05\/Caminopoli-store_2.png","contentUrl":"http:\/\/caminopoli.it\/wp-content\/uploads\/2017\/05\/Caminopoli-store_2.png","width":267,"height":71,"caption":"Caminopoli"},"image":{"@id":"https:\/\/www.caminopoli.fr\/it#\/schema\/logo\/image\/"},"sameAs":["https:\/\/www.facebook.com\/caminopoli.fuocoamico\/"]}]}},"_links":{"self":[{"href":"https:\/\/www.caminopoli.fr\/it\/wp-json\/wp\/v2\/product\/857","targetHints":{"allow":["GET"]}}],"collection":[{"href":"https:\/\/www.caminopoli.fr\/it\/wp-json\/wp\/v2\/product"}],"about":[{"href":"https:\/\/www.caminopoli.fr\/it\/wp-json\/wp\/v2\/types\/product"}],"replies":[{"embeddable":true,"href":"https:\/\/www.caminopoli.fr\/it\/wp-json\/wp\/v2\/comments?post=857"}],"wp:featuredmedia":[{"embeddable":true,"href":"https:\/\/www.caminopoli.fr\/it\/wp-json\/wp\/v2\/media\/17994"}],"wp:attachment":[{"href":"https:\/\/www.caminopoli.fr\/it\/wp-json\/wp\/v2\/media?parent=857"}],"wp:term":[{"taxonomy":"product_brand","embeddable":true,"href":"https:\/\/www.caminopoli.fr\/it\/wp-json\/wp\/v2\/product_brand?post=857"},{"taxonomy":"product_cat","embeddable":true,"href":"https:\/\/www.caminopoli.fr\/it\/wp-json\/wp\/v2\/product_cat?post=857"},{"taxonomy":"product_tag","embeddable":true,"href":"https:\/\/www.caminopoli.fr\/it\/wp-json\/wp\/v2\/product_tag?post=857"}],"curies":[{"name":"wp","href":"https:\/\/api.w.org\/{rel}","templated":true}]}}